{"id":941,"date":"2016-12-14T18:16:21","date_gmt":"2016-12-14T18:16:21","guid":{"rendered":"http:\/\/www.llarseltemple.org\/que-hacemos\/politica-de-calidad\/"},"modified":"2021-01-19T19:22:31","modified_gmt":"2021-01-19T19:22:31","slug":"politica-de-qualitat","status":"publish","type":"page","link":"https:\/\/www.llarseltemple.org\/ca\/que-fem\/politica-de-qualitat\/","title":{"rendered":"Pol\u00edtica de qualitat"},"content":{"rendered":"<div class=\"wpb-content-wrapper\"><p>[vc_row css_animation=&#8221;&#8221; row_type=&#8221;row&#8221; use_row_as_full_screen_section=&#8221;no&#8221; type=&#8221;full_width&#8221; angled_section=&#8221;no&#8221; text_align=&#8221;left&#8221; background_image_as_pattern=&#8221;without_pattern&#8221;][vc_column width=&#8221;1\/4&#8243;][vc_empty_space height=&#8221;120px&#8221;][vc_widget_sidebar sidebar_id=&#8221;Que_hacemos&#8221; el_class=&#8221;menu_lateral&#8221;][\/vc_column][vc_column width=&#8221;3\/4&#8243;][vc_empty_space height=&#8221;60px&#8221;][vc_column_text]<\/p>\n<h2>POL\u00cdTICA DE QUALITAT<\/h2>\n<p>[\/vc_column_text][vc_empty_space height=&#8221;20px&#8221;][vc_column_text]<\/p>\n<p class=\"p1\" style=\"text-align: justify;\"><span class=\"s1\"> La pol\u00edtica que es descriu a continuaci\u00f3 s\u2019estableix baix la premissa del compliment de la Norma-ISO 9001:2015 i dels requisits legals i reglaments als que est\u00e0 subjecte: <\/span><\/p>\n<p>[\/vc_column_text][vc_empty_space height=&#8221;20px&#8221;][vc_column_text]<\/p>\n<ul>\n<li class=\"p1\" style=\"text-align: justify;\"><span class=\"s1\"> Proporcionar una atenci\u00f3 integral i de qualitat als menors atesos, cobrint les seves necessitats b\u00e0siques i promovent les funcions, principis i objectius educatius i atencionals establerts al Projecte T\u00e8cnic Educatiu. <\/span><\/li>\n<\/ul>\n<ul style=\"text-align: justify;\">\n<li class=\"p1\"><span class=\"s1\"> La dotaci\u00f3 de mitjans i metodologies que afavoreixen el desenvolupament de la labor professional i l\u2019atenci\u00f3 als menors. <\/span><\/li>\n<\/ul>\n<ul style=\"text-align: justify;\">\n<li class=\"p1\"><span class=\"s1\"> Promoure la professionalitat dels nostres treballadors mitjan\u00e7ant la formaci\u00f3 i conscienciaci\u00f3 de la import\u00e0ncia de la qualitat en el servei, la seva participaci\u00f3 en el proc\u00e9s de treball, la transpar\u00e8ncia i, en la mesura possible, la millora de les condicions laborals. <\/span><\/li>\n<\/ul>\n<ul>\n<li class=\"p1\" style=\"text-align: justify;\"><span class=\"s1\"> Orientar-se a la persona usu\u00e0ria treballant per a aconseguir la seva satisfacci\u00f3 i una qualitat de vida digna. <\/span><\/li>\n<\/ul>\n<p>[\/vc_column_text][vc_empty_space height=&#8221;60px&#8221;][vc_column_text]<a href=\"http:\/\/www.llarseltemple.org\/wp-content\/uploads\/2021\/01\/9501675-BUP-LLARS-EL-TEMPLE-RR-TT-TRINITARIAS-CATALAN.pdf\" target=\"_blank\" rel=\"noopener\"><img loading=\"lazy\" decoding=\"async\" class=\"alignnone wp-image-889\" src=\"http:\/\/www.llarseltemple.org\/wp-content\/uploads\/2016\/12\/certificado-iso.png\" alt=\"\" width=\"175\" height=\"99\" srcset=\"https:\/\/www.llarseltemple.org\/wp-content\/uploads\/2016\/12\/certificado-iso.png 380w, https:\/\/www.llarseltemple.org\/wp-content\/uploads\/2016\/12\/certificado-iso-300x171.png 300w, https:\/\/www.llarseltemple.org\/wp-content\/uploads\/2016\/12\/certificado-iso-345x198.png 345w\" sizes=\"auto, (max-width: 175px) 100vw, 175px\" \/><\/a>[\/vc_column_text][vc_empty_space height=&#8221;60px&#8221;][\/vc_column][\/vc_row]<\/p>\n<\/div>","protected":false},"excerpt":{"rendered":"<p>[vc_row css_animation=&#8221;&#8221; row_type=&#8221;row&#8221; use_row_as_full_screen_section=&#8221;no&#8221; type=&#8221;full_width&#8221; angled_section=&#8221;no&#8221; text_align=&#8221;left&#8221; background_image_as_pattern=&#8221;without_pattern&#8221;][vc_column width=&#8221;1\/4&#8243;][vc_empty_space height=&#8221;120px&#8221;][vc_widget_sidebar sidebar_id=&#8221;Que_hacemos&#8221; el_class=&#8221;menu_lateral&#8221;][\/vc_column][vc_column width=&#8221;3\/4&#8243;][vc_empty_space height=&#8221;60px&#8221;][vc_column_text] POL\u00cdTICA DE QUALITAT [\/vc_column_text][vc_empty_space height=&#8221;20px&#8221;][vc_column_text] La pol\u00edtica que es descriu a continuaci\u00f3 s\u2019estableix baix la premissa del compliment de la Norma-ISO 9001:2015 i dels requisits legals i reglaments als que est\u00e0&#8230;<\/p>\n","protected":false},"author":1,"featured_media":0,"parent":938,"menu_order":0,"comment_status":"closed","ping_status":"closed","template":"","meta":{"footnotes":""},"class_list":["post-941","page","type-page","status-publish","hentry"],"yoast_head":"<!-- This site is optimized with the Yoast SEO plugin v27.3 - https:\/\/yoast.com\/product\/yoast-seo-wordpress\/ -->\n<title>Pol\u00edtica calidad centro menores | Asistencia a menores Palma<\/title>\n<meta name=\"description\" content=\"En Llars El Temple aplicamos una estricta pol\u00edtica de calidad como centro de menores en Mallorca, buscando siempre la excelencia en la asistencia al menor.\" \/>\n<meta name=\"robots\" content=\"index, follow, max-snippet:-1, max-image-preview:large, max-video-preview:-1\" \/>\n<link rel=\"canonical\" href=\"https:\/\/www.llarseltemple.org\/ca\/que-fem\/politica-de-qualitat\/\" \/>\n<meta property=\"og:locale\" content=\"ca_ES\" \/>\n<meta property=\"og:type\" content=\"article\" \/>\n<meta property=\"og:title\" content=\"Pol\u00edtica calidad centro menores | Asistencia a menores Palma\" \/>\n<meta property=\"og:description\" content=\"En Llars El Temple aplicamos una estricta pol\u00edtica de calidad como centro de menores en Mallorca, buscando siempre la excelencia en la asistencia al menor.\" \/>\n<meta property=\"og:url\" content=\"https:\/\/www.llarseltemple.org\/ca\/que-fem\/politica-de-qualitat\/\" \/>\n<meta property=\"og:site_name\" content=\"Llars El Temple\" \/>\n<meta property=\"article:modified_time\" content=\"2021-01-19T19:22:31+00:00\" \/>\n<meta property=\"og:image\" content=\"http:\/\/www.llarseltemple.org\/wp-content\/uploads\/2016\/12\/certificado-iso.png\" \/>\n<meta name=\"twitter:card\" content=\"summary_large_image\" \/>\n<meta name=\"twitter:label1\" content=\"Temps estimat de lectura\" \/>\n\t<meta name=\"twitter:data1\" content=\"1 minut\" \/>\n<script type=\"application\/ld+json\" class=\"yoast-schema-graph\">{\"@context\":\"https:\\\/\\\/schema.org\",\"@graph\":[{\"@type\":\"WebPage\",\"@id\":\"https:\\\/\\\/www.llarseltemple.org\\\/ca\\\/que-fem\\\/politica-de-qualitat\\\/\",\"url\":\"https:\\\/\\\/www.llarseltemple.org\\\/ca\\\/que-fem\\\/politica-de-qualitat\\\/\",\"name\":\"Pol\u00edtica calidad centro menores | Asistencia a menores Palma\",\"isPartOf\":{\"@id\":\"https:\\\/\\\/www.llarseltemple.org\\\/#website\"},\"primaryImageOfPage\":{\"@id\":\"https:\\\/\\\/www.llarseltemple.org\\\/ca\\\/que-fem\\\/politica-de-qualitat\\\/#primaryimage\"},\"image\":{\"@id\":\"https:\\\/\\\/www.llarseltemple.org\\\/ca\\\/que-fem\\\/politica-de-qualitat\\\/#primaryimage\"},\"thumbnailUrl\":\"http:\\\/\\\/www.llarseltemple.org\\\/wp-content\\\/uploads\\\/2016\\\/12\\\/certificado-iso.png\",\"datePublished\":\"2016-12-14T18:16:21+00:00\",\"dateModified\":\"2021-01-19T19:22:31+00:00\",\"description\":\"En Llars El Temple aplicamos una estricta pol\u00edtica de calidad como centro de menores en Mallorca, buscando siempre la excelencia en la asistencia al menor.\",\"breadcrumb\":{\"@id\":\"https:\\\/\\\/www.llarseltemple.org\\\/ca\\\/que-fem\\\/politica-de-qualitat\\\/#breadcrumb\"},\"inLanguage\":\"ca\",\"potentialAction\":[{\"@type\":\"ReadAction\",\"target\":[\"https:\\\/\\\/www.llarseltemple.org\\\/ca\\\/que-fem\\\/politica-de-qualitat\\\/\"]}]},{\"@type\":\"ImageObject\",\"inLanguage\":\"ca\",\"@id\":\"https:\\\/\\\/www.llarseltemple.org\\\/ca\\\/que-fem\\\/politica-de-qualitat\\\/#primaryimage\",\"url\":\"http:\\\/\\\/www.llarseltemple.org\\\/wp-content\\\/uploads\\\/2016\\\/12\\\/certificado-iso.png\",\"contentUrl\":\"http:\\\/\\\/www.llarseltemple.org\\\/wp-content\\\/uploads\\\/2016\\\/12\\\/certificado-iso.png\"},{\"@type\":\"BreadcrumbList\",\"@id\":\"https:\\\/\\\/www.llarseltemple.org\\\/ca\\\/que-fem\\\/politica-de-qualitat\\\/#breadcrumb\",\"itemListElement\":[{\"@type\":\"ListItem\",\"position\":1,\"name\":\"Portada\",\"item\":\"https:\\\/\\\/www.llarseltemple.org\\\/ca\\\/\"},{\"@type\":\"ListItem\",\"position\":2,\"name\":\"Qu\u00e8 fem\",\"item\":\"https:\\\/\\\/www.llarseltemple.org\\\/ca\\\/que-fem\\\/\"},{\"@type\":\"ListItem\",\"position\":3,\"name\":\"Pol\u00edtica de qualitat\"}]},{\"@type\":\"WebSite\",\"@id\":\"https:\\\/\\\/www.llarseltemple.org\\\/#website\",\"url\":\"https:\\\/\\\/www.llarseltemple.org\\\/\",\"name\":\"Llars El Temple\",\"description\":\"Palma de Mallorca\",\"potentialAction\":[{\"@type\":\"SearchAction\",\"target\":{\"@type\":\"EntryPoint\",\"urlTemplate\":\"https:\\\/\\\/www.llarseltemple.org\\\/?s={search_term_string}\"},\"query-input\":{\"@type\":\"PropertyValueSpecification\",\"valueRequired\":true,\"valueName\":\"search_term_string\"}}],\"inLanguage\":\"ca\"}]}<\/script>\n<!-- \/ Yoast SEO plugin. -->","yoast_head_json":{"title":"Pol\u00edtica calidad centro menores | Asistencia a menores Palma","description":"En Llars El Temple aplicamos una estricta pol\u00edtica de calidad como centro de menores en Mallorca, buscando siempre la excelencia en la asistencia al menor.","robots":{"index":"index","follow":"follow","max-snippet":"max-snippet:-1","max-image-preview":"max-image-preview:large","max-video-preview":"max-video-preview:-1"},"canonical":"https:\/\/www.llarseltemple.org\/ca\/que-fem\/politica-de-qualitat\/","og_locale":"ca_ES","og_type":"article","og_title":"Pol\u00edtica calidad centro menores | Asistencia a menores Palma","og_description":"En Llars El Temple aplicamos una estricta pol\u00edtica de calidad como centro de menores en Mallorca, buscando siempre la excelencia en la asistencia al menor.","og_url":"https:\/\/www.llarseltemple.org\/ca\/que-fem\/politica-de-qualitat\/","og_site_name":"Llars El Temple","article_modified_time":"2021-01-19T19:22:31+00:00","og_image":[{"url":"http:\/\/www.llarseltemple.org\/wp-content\/uploads\/2016\/12\/certificado-iso.png","type":"","width":"","height":""}],"twitter_card":"summary_large_image","twitter_misc":{"Temps estimat de lectura":"1 minut"},"schema":{"@context":"https:\/\/schema.org","@graph":[{"@type":"WebPage","@id":"https:\/\/www.llarseltemple.org\/ca\/que-fem\/politica-de-qualitat\/","url":"https:\/\/www.llarseltemple.org\/ca\/que-fem\/politica-de-qualitat\/","name":"Pol\u00edtica calidad centro menores | Asistencia a menores Palma","isPartOf":{"@id":"https:\/\/www.llarseltemple.org\/#website"},"primaryImageOfPage":{"@id":"https:\/\/www.llarseltemple.org\/ca\/que-fem\/politica-de-qualitat\/#primaryimage"},"image":{"@id":"https:\/\/www.llarseltemple.org\/ca\/que-fem\/politica-de-qualitat\/#primaryimage"},"thumbnailUrl":"http:\/\/www.llarseltemple.org\/wp-content\/uploads\/2016\/12\/certificado-iso.png","datePublished":"2016-12-14T18:16:21+00:00","dateModified":"2021-01-19T19:22:31+00:00","description":"En Llars El Temple aplicamos una estricta pol\u00edtica de calidad como centro de menores en Mallorca, buscando siempre la excelencia en la asistencia al menor.","breadcrumb":{"@id":"https:\/\/www.llarseltemple.org\/ca\/que-fem\/politica-de-qualitat\/#breadcrumb"},"inLanguage":"ca","potentialAction":[{"@type":"ReadAction","target":["https:\/\/www.llarseltemple.org\/ca\/que-fem\/politica-de-qualitat\/"]}]},{"@type":"ImageObject","inLanguage":"ca","@id":"https:\/\/www.llarseltemple.org\/ca\/que-fem\/politica-de-qualitat\/#primaryimage","url":"http:\/\/www.llarseltemple.org\/wp-content\/uploads\/2016\/12\/certificado-iso.png","contentUrl":"http:\/\/www.llarseltemple.org\/wp-content\/uploads\/2016\/12\/certificado-iso.png"},{"@type":"BreadcrumbList","@id":"https:\/\/www.llarseltemple.org\/ca\/que-fem\/politica-de-qualitat\/#breadcrumb","itemListElement":[{"@type":"ListItem","position":1,"name":"Portada","item":"https:\/\/www.llarseltemple.org\/ca\/"},{"@type":"ListItem","position":2,"name":"Qu\u00e8 fem","item":"https:\/\/www.llarseltemple.org\/ca\/que-fem\/"},{"@type":"ListItem","position":3,"name":"Pol\u00edtica de qualitat"}]},{"@type":"WebSite","@id":"https:\/\/www.llarseltemple.org\/#website","url":"https:\/\/www.llarseltemple.org\/","name":"Llars El Temple","description":"Palma de Mallorca","potentialAction":[{"@type":"SearchAction","target":{"@type":"EntryPoint","urlTemplate":"https:\/\/www.llarseltemple.org\/?s={search_term_string}"},"query-input":{"@type":"PropertyValueSpecification","valueRequired":true,"valueName":"search_term_string"}}],"inLanguage":"ca"}]}},"_links":{"self":[{"href":"https:\/\/www.llarseltemple.org\/ca\/wp-json\/wp\/v2\/pages\/941","targetHints":{"allow":["GET"]}}],"collection":[{"href":"https:\/\/www.llarseltemple.org\/ca\/wp-json\/wp\/v2\/pages"}],"about":[{"href":"https:\/\/www.llarseltemple.org\/ca\/wp-json\/wp\/v2\/types\/page"}],"author":[{"embeddable":true,"href":"https:\/\/www.llarseltemple.org\/ca\/wp-json\/wp\/v2\/users\/1"}],"replies":[{"embeddable":true,"href":"https:\/\/www.llarseltemple.org\/ca\/wp-json\/wp\/v2\/comments?post=941"}],"version-history":[{"count":6,"href":"https:\/\/www.llarseltemple.org\/ca\/wp-json\/wp\/v2\/pages\/941\/revisions"}],"predecessor-version":[{"id":1286,"href":"https:\/\/www.llarseltemple.org\/ca\/wp-json\/wp\/v2\/pages\/941\/revisions\/1286"}],"up":[{"embeddable":true,"href":"https:\/\/www.llarseltemple.org\/ca\/wp-json\/wp\/v2\/pages\/938"}],"wp:attachment":[{"href":"https:\/\/www.llarseltemple.org\/ca\/wp-json\/wp\/v2\/media?parent=941"}],"curies":[{"name":"wp","href":"https:\/\/api.w.org\/{rel}","templated":true}]}}