{"id":933,"date":"2017-01-11T20:10:17","date_gmt":"2017-01-11T20:10:17","guid":{"rendered":"http:\/\/www.llarseltemple.org\/programas\/atencion-al-personal\/plan-de-formacion-y-supervision-del-personal\/"},"modified":"2017-03-22T09:51:30","modified_gmt":"2017-03-22T09:51:30","slug":"pla-de-formacio-i-supervisio-del-personal","status":"publish","type":"page","link":"https:\/\/www.llarseltemple.org\/ca\/programes\/atencio-al-personal\/pla-de-formacio-i-supervisio-del-personal\/","title":{"rendered":"Pla de Formaci\u00f3 i Supervisi\u00f3 del Personal"},"content":{"rendered":"<div class=\"wpb-content-wrapper\"><p>[vc_row css_animation=&#8221;&#8221; row_type=&#8221;row&#8221; use_row_as_full_screen_section=&#8221;no&#8221; type=&#8221;full_width&#8221; angled_section=&#8221;no&#8221; text_align=&#8221;left&#8221; background_image_as_pattern=&#8221;without_pattern&#8221;][vc_column width=&#8221;1\/4&#8243;][vc_empty_space height=&#8221;55px&#8221;][vc_column_text css=&#8221;.vc_custom_1490176058336{border-bottom-width: px !important;padding-top: 2px !important;padding-right: 4px !important;padding-bottom: 0px !important;padding-left: 4px !important;background-color: #b01657 !important;border-bottom-color: #b01657 !important;border-bottom-style: solid !important;}&#8221;]<\/p>\n<h3><span style=\"background-color: #b01657; color: #ffffff;\">Programes<\/span><\/h3>\n<p>[\/vc_column_text][vc_empty_space height=&#8221;25px&#8221;][vc_column_text css=&#8221;.vc_custom_1490176063475{border-bottom-width: 1px !important;border-bottom-color: #1db6bc !important;border-bottom-style: solid !important;}&#8221;]<\/p>\n<h4><span style=\"color: #1db6bc;\">Atenci\u00f3 al Menor<\/span><\/h4>\n<p>[\/vc_column_text][vc_empty_space height=&#8221;7px&#8221;][vc_widget_sidebar sidebar_id=&#8221;programa_menores&#8221; el_class=&#8221;titulo_pro_menor&#8221;][vc_empty_space height=&#8221;20px&#8221;][vc_column_text css=&#8221;.vc_custom_1490176073983{border-bottom-width: 1px !important;border-bottom-color: #a1a2ce !important;border-bottom-style: solid !important;}&#8221;]<\/p>\n<h4><span style=\"color: #8b84d7;\">Atenci\u00f3 a les Fam\u00edlies<\/span><\/h4>\n<p>[\/vc_column_text][vc_empty_space height=&#8221;7px&#8221;][vc_widget_sidebar sidebar_id=&#8221;Programa_familias&#8221; el_class=&#8221;titulo_pro_familia&#8221;][vc_empty_space height=&#8221;20px&#8221;][vc_column_text css=&#8221;.vc_custom_1490176079205{border-bottom-width: 1px !important;border-bottom-color: #fcc68a !important;border-bottom-style: solid !important;}&#8221;]<\/p>\n<h4><span style=\"color: #f8ab55;\">Atenci\u00f3 al Personal<\/span><\/h4>\n<p>[\/vc_column_text][vc_empty_space height=&#8221;7px&#8221;][vc_widget_sidebar sidebar_id=&#8221;Programa_personal&#8221; el_class=&#8221;titulo_pro_personal&#8221;][vc_empty_space height=&#8221;20px&#8221;][vc_column_text css=&#8221;.vc_custom_1490176084987{border-bottom-width: 1px !important;border-bottom-color: #009cde !important;border-bottom-style: solid !important;}&#8221;]<\/p>\n<h4><span class=\"participacion\">Participaci\u00f3<\/span><\/h4>\n<p>[\/vc_column_text][vc_empty_space height=&#8221;7px&#8221;][vc_widget_sidebar sidebar_id=&#8221;Programa_participacion&#8221; el_class=&#8221;titulo_pro_participacion&#8221;][\/vc_column][vc_column width=&#8221;3\/4&#8243;][vc_empty_space height=&#8221;60px&#8221;][vc_column_text]<\/p>\n<h3>Programa \/\/ <span style=\"color: #fcc68a;\">Atenci\u00f3 al\u00a0personal<\/span><\/h3>\n<p>[\/vc_column_text][vc_column_text]<\/p>\n<h2 class=\"p1\"><span style=\"color: #f8ab55;\"> PLA DE FORMACI\u00d3 I SUPERVISI\u00d3 DEL PERSONAL <\/span><\/h2>\n<p>[\/vc_column_text][vc_empty_space height=&#8221;30px&#8221;][vc_column_text]<\/p>\n<h3 class=\"p1\" style=\"text-align: justify;\">QU\u00c8 FEM?<\/h3>\n<p class=\"p1\" style=\"text-align: justify;\"><span class=\"s1\"> A Llars El Temple prioritzem la Formaci\u00f3 Continua del nostre personal, la qual venim impartint des de fa m\u00e9s de 10 anys. Emmarcada dins del nostre Sistema de Qualitat constitueix un Proc\u00e9s i Procediment propis (Manual de Processos i Procediments), que at\u00e9n la formaci\u00f3 interna, aix\u00ed com la formaci\u00f3 Externa. Oferim tamb\u00e9 supervisi\u00f3 individual i grupal que cobreixin els seg\u00fcents objectius fonamentals: <\/span><\/p>\n<ul>\n<li class=\"p1\"><span class=\"s1\">Estimular la reflexi\u00f3 sobre la pr\u00e0ctica educativa.<\/span><\/li>\n<li class=\"p1\">Analitzar la situaci\u00f3 educativa derivada d\u2019un cas en concret, d\u2019una situaci\u00f3 donada, de dificultats en l\u2019estructura institucional.<\/li>\n<li class=\"p1\">Realitzar una valoraci\u00f3 cr\u00edtica de la intervenci\u00f3.<\/li>\n<li class=\"p1\">Millorar la capacitat de resposta.<\/li>\n<li class=\"p1\">Agilitzar la presa de decisions.<\/li>\n<li class=\"p1\">Afrontar amb major seguretat les diferents situacions eductives posteriors.<\/li>\n<li class=\"p1\">Fomentar la creaci\u00f3 d\u2019un llenguatge com\u00fa de reflexi\u00f3 i pensament en l\u2019equip.<\/li>\n<li class=\"p1\">Con\u00e8ixer les funcions b\u00e0siques de l\u2019educador en l\u2019\u00e0mbit concret.<\/li>\n<li class=\"p1\">Concretar els conceptes te\u00f2rics propis del vincle educatiu i la relaci\u00f3 d\u2019ajuda.<\/li>\n<li class=\"p1\">Concretar els conceptes te\u00f2rics propis dels diferents programes d\u2019intervenci\u00f3 que es duen a terme.<\/li>\n<li class=\"p1\">Gestionar de manera \u00f2ptima les tensions que genera la pr\u00f2pia acci\u00f3 socioeducativa.<\/li>\n<\/ul>\n<h3 class=\"p1\" style=\"text-align: justify;\"><\/h3>\n<p>[\/vc_column_text][vc_empty_space height=&#8221;40px&#8221;][vc_column_text]<\/p>\n<h3 class=\"p1\" style=\"text-align: justify;\">AMB QU\u00c8 HO FEM?<\/h3>\n<p class=\"p1\" style=\"text-align: justify;\"><span class=\"s1\"> La Formaci\u00f3, s\u2019evidencia en l\u2019elaboraci\u00f3 anual d\u2019un Pla de formaci\u00f3 Interna i Externa, el qual \u00e9s avaluat cada any i reflectit en la Mem\u00f2ria de l\u2019Entitat. <\/span><\/p>\n<p>[\/vc_column_text][vc_empty_space height=&#8221;40px&#8221;][vc_column_text]<\/p>\n<h3 class=\"p1\" style=\"text-align: justify;\">\u00a0C\u00d2M HO FEM?<\/h3>\n<p class=\"p1\" style=\"text-align: justify;\"><span class=\"s1\"> Mitjan\u00e7ant un espai grupal setmanal, i en sessions individuals, segons el cas, en el que es poden plantejar necessitats actuals, temes reflectits en la planificaci\u00f3 anual o formacions externes propostes per el coordinador o els membres de l\u2019equip. <\/span><\/p>\n<p>[\/vc_column_text][vc_empty_space height=&#8221;60px&#8221;][\/vc_column][\/vc_row]<\/p>\n<\/div>","protected":false},"excerpt":{"rendered":"<p>[vc_row css_animation=&#8221;&#8221; row_type=&#8221;row&#8221; use_row_as_full_screen_section=&#8221;no&#8221; type=&#8221;full_width&#8221; angled_section=&#8221;no&#8221; text_align=&#8221;left&#8221; background_image_as_pattern=&#8221;without_pattern&#8221;][vc_column width=&#8221;1\/4&#8243;][vc_empty_space height=&#8221;55px&#8221;][vc_column_text css=&#8221;.vc_custom_1490176058336{border-bottom-width: px !important;padding-top: 2px !important;padding-right: 4px !important;padding-bottom: 0px !important;padding-left: 4px !important;background-color: #b01657 !important;border-bottom-color: #b01657 !important;border-bottom-style: solid !important;}&#8221;] Programes [\/vc_column_text][vc_empty_space height=&#8221;25px&#8221;][vc_column_text css=&#8221;.vc_custom_1490176063475{border-bottom-width: 1px !important;border-bottom-color: #1db6bc !important;border-bottom-style: solid !important;}&#8221;] Atenci\u00f3 al Menor [\/vc_column_text][vc_empty_space height=&#8221;7px&#8221;][vc_widget_sidebar sidebar_id=&#8221;programa_menores&#8221; el_class=&#8221;titulo_pro_menor&#8221;][vc_empty_space height=&#8221;20px&#8221;][vc_column_text&#8230;<\/p>\n","protected":false},"author":1,"featured_media":0,"parent":932,"menu_order":0,"comment_status":"closed","ping_status":"closed","template":"","meta":{"footnotes":""},"class_list":["post-933","page","type-page","status-publish","hentry"],"yoast_head":"<!-- This site is optimized with the Yoast SEO plugin v27.3 - https:\/\/yoast.com\/product\/yoast-seo-wordpress\/ -->\n<title>Formaci\u00f3n asistencia a menores Mallorca | Asistente social Palma<\/title>\n<meta name=\"description\" content=\"Llars El Temple garantiza personal cualificado en atenci\u00f3n al menor mediante la formaci\u00f3n continua multidisciplinar de todos sus profesionales.\" \/>\n<meta name=\"robots\" content=\"index, follow, max-snippet:-1, max-image-preview:large, max-video-preview:-1\" \/>\n<link rel=\"canonical\" href=\"https:\/\/www.llarseltemple.org\/ca\/programes\/atencio-al-personal\/pla-de-formacio-i-supervisio-del-personal\/\" \/>\n<meta property=\"og:locale\" content=\"ca_ES\" \/>\n<meta property=\"og:type\" content=\"article\" \/>\n<meta property=\"og:title\" content=\"Formaci\u00f3n asistencia a menores Mallorca | Asistente social Palma\" \/>\n<meta property=\"og:description\" content=\"Llars El Temple garantiza personal cualificado en atenci\u00f3n al menor mediante la formaci\u00f3n continua multidisciplinar de todos sus profesionales.\" \/>\n<meta property=\"og:url\" content=\"https:\/\/www.llarseltemple.org\/ca\/programes\/atencio-al-personal\/pla-de-formacio-i-supervisio-del-personal\/\" \/>\n<meta property=\"og:site_name\" content=\"Llars El Temple\" \/>\n<meta property=\"article:modified_time\" content=\"2017-03-22T09:51:30+00:00\" \/>\n<meta name=\"twitter:card\" content=\"summary_large_image\" \/>\n<meta name=\"twitter:label1\" content=\"Temps estimat de lectura\" \/>\n\t<meta name=\"twitter:data1\" content=\"3 minuts\" \/>\n<script type=\"application\/ld+json\" class=\"yoast-schema-graph\">{\"@context\":\"https:\\\/\\\/schema.org\",\"@graph\":[{\"@type\":\"WebPage\",\"@id\":\"https:\\\/\\\/www.llarseltemple.org\\\/ca\\\/programes\\\/atencio-al-personal\\\/pla-de-formacio-i-supervisio-del-personal\\\/\",\"url\":\"https:\\\/\\\/www.llarseltemple.org\\\/ca\\\/programes\\\/atencio-al-personal\\\/pla-de-formacio-i-supervisio-del-personal\\\/\",\"name\":\"Formaci\u00f3n asistencia a menores Mallorca | Asistente social Palma\",\"isPartOf\":{\"@id\":\"https:\\\/\\\/www.llarseltemple.org\\\/#website\"},\"datePublished\":\"2017-01-11T20:10:17+00:00\",\"dateModified\":\"2017-03-22T09:51:30+00:00\",\"description\":\"Llars El Temple garantiza personal cualificado en atenci\u00f3n al menor mediante la formaci\u00f3n continua multidisciplinar de todos sus profesionales.\",\"breadcrumb\":{\"@id\":\"https:\\\/\\\/www.llarseltemple.org\\\/ca\\\/programes\\\/atencio-al-personal\\\/pla-de-formacio-i-supervisio-del-personal\\\/#breadcrumb\"},\"inLanguage\":\"ca\",\"potentialAction\":[{\"@type\":\"ReadAction\",\"target\":[\"https:\\\/\\\/www.llarseltemple.org\\\/ca\\\/programes\\\/atencio-al-personal\\\/pla-de-formacio-i-supervisio-del-personal\\\/\"]}]},{\"@type\":\"BreadcrumbList\",\"@id\":\"https:\\\/\\\/www.llarseltemple.org\\\/ca\\\/programes\\\/atencio-al-personal\\\/pla-de-formacio-i-supervisio-del-personal\\\/#breadcrumb\",\"itemListElement\":[{\"@type\":\"ListItem\",\"position\":1,\"name\":\"Portada\",\"item\":\"https:\\\/\\\/www.llarseltemple.org\\\/ca\\\/\"},{\"@type\":\"ListItem\",\"position\":2,\"name\":\"Programes\",\"item\":\"https:\\\/\\\/www.llarseltemple.org\\\/ca\\\/programes\\\/\"},{\"@type\":\"ListItem\",\"position\":3,\"name\":\"Atenci\u00f3 al personal\",\"item\":\"https:\\\/\\\/www.llarseltemple.org\\\/ca\\\/programes\\\/atencio-al-personal\\\/\"},{\"@type\":\"ListItem\",\"position\":4,\"name\":\"Pla de Formaci\u00f3 i Supervisi\u00f3 del Personal\"}]},{\"@type\":\"WebSite\",\"@id\":\"https:\\\/\\\/www.llarseltemple.org\\\/#website\",\"url\":\"https:\\\/\\\/www.llarseltemple.org\\\/\",\"name\":\"Llars El Temple\",\"description\":\"Palma de Mallorca\",\"potentialAction\":[{\"@type\":\"SearchAction\",\"target\":{\"@type\":\"EntryPoint\",\"urlTemplate\":\"https:\\\/\\\/www.llarseltemple.org\\\/?s={search_term_string}\"},\"query-input\":{\"@type\":\"PropertyValueSpecification\",\"valueRequired\":true,\"valueName\":\"search_term_string\"}}],\"inLanguage\":\"ca\"}]}<\/script>\n<!-- \/ Yoast SEO plugin. -->","yoast_head_json":{"title":"Formaci\u00f3n asistencia a menores Mallorca | Asistente social Palma","description":"Llars El Temple garantiza personal cualificado en atenci\u00f3n al menor mediante la formaci\u00f3n continua multidisciplinar de todos sus profesionales.","robots":{"index":"index","follow":"follow","max-snippet":"max-snippet:-1","max-image-preview":"max-image-preview:large","max-video-preview":"max-video-preview:-1"},"canonical":"https:\/\/www.llarseltemple.org\/ca\/programes\/atencio-al-personal\/pla-de-formacio-i-supervisio-del-personal\/","og_locale":"ca_ES","og_type":"article","og_title":"Formaci\u00f3n asistencia a menores Mallorca | Asistente social Palma","og_description":"Llars El Temple garantiza personal cualificado en atenci\u00f3n al menor mediante la formaci\u00f3n continua multidisciplinar de todos sus profesionales.","og_url":"https:\/\/www.llarseltemple.org\/ca\/programes\/atencio-al-personal\/pla-de-formacio-i-supervisio-del-personal\/","og_site_name":"Llars El Temple","article_modified_time":"2017-03-22T09:51:30+00:00","twitter_card":"summary_large_image","twitter_misc":{"Temps estimat de lectura":"3 minuts"},"schema":{"@context":"https:\/\/schema.org","@graph":[{"@type":"WebPage","@id":"https:\/\/www.llarseltemple.org\/ca\/programes\/atencio-al-personal\/pla-de-formacio-i-supervisio-del-personal\/","url":"https:\/\/www.llarseltemple.org\/ca\/programes\/atencio-al-personal\/pla-de-formacio-i-supervisio-del-personal\/","name":"Formaci\u00f3n asistencia a menores Mallorca | Asistente social Palma","isPartOf":{"@id":"https:\/\/www.llarseltemple.org\/#website"},"datePublished":"2017-01-11T20:10:17+00:00","dateModified":"2017-03-22T09:51:30+00:00","description":"Llars El Temple garantiza personal cualificado en atenci\u00f3n al menor mediante la formaci\u00f3n continua multidisciplinar de todos sus profesionales.","breadcrumb":{"@id":"https:\/\/www.llarseltemple.org\/ca\/programes\/atencio-al-personal\/pla-de-formacio-i-supervisio-del-personal\/#breadcrumb"},"inLanguage":"ca","potentialAction":[{"@type":"ReadAction","target":["https:\/\/www.llarseltemple.org\/ca\/programes\/atencio-al-personal\/pla-de-formacio-i-supervisio-del-personal\/"]}]},{"@type":"BreadcrumbList","@id":"https:\/\/www.llarseltemple.org\/ca\/programes\/atencio-al-personal\/pla-de-formacio-i-supervisio-del-personal\/#breadcrumb","itemListElement":[{"@type":"ListItem","position":1,"name":"Portada","item":"https:\/\/www.llarseltemple.org\/ca\/"},{"@type":"ListItem","position":2,"name":"Programes","item":"https:\/\/www.llarseltemple.org\/ca\/programes\/"},{"@type":"ListItem","position":3,"name":"Atenci\u00f3 al personal","item":"https:\/\/www.llarseltemple.org\/ca\/programes\/atencio-al-personal\/"},{"@type":"ListItem","position":4,"name":"Pla de Formaci\u00f3 i Supervisi\u00f3 del Personal"}]},{"@type":"WebSite","@id":"https:\/\/www.llarseltemple.org\/#website","url":"https:\/\/www.llarseltemple.org\/","name":"Llars El Temple","description":"Palma de Mallorca","potentialAction":[{"@type":"SearchAction","target":{"@type":"EntryPoint","urlTemplate":"https:\/\/www.llarseltemple.org\/?s={search_term_string}"},"query-input":{"@type":"PropertyValueSpecification","valueRequired":true,"valueName":"search_term_string"}}],"inLanguage":"ca"}]}},"_links":{"self":[{"href":"https:\/\/www.llarseltemple.org\/ca\/wp-json\/wp\/v2\/pages\/933","targetHints":{"allow":["GET"]}}],"collection":[{"href":"https:\/\/www.llarseltemple.org\/ca\/wp-json\/wp\/v2\/pages"}],"about":[{"href":"https:\/\/www.llarseltemple.org\/ca\/wp-json\/wp\/v2\/types\/page"}],"author":[{"embeddable":true,"href":"https:\/\/www.llarseltemple.org\/ca\/wp-json\/wp\/v2\/users\/1"}],"replies":[{"embeddable":true,"href":"https:\/\/www.llarseltemple.org\/ca\/wp-json\/wp\/v2\/comments?post=933"}],"version-history":[{"count":5,"href":"https:\/\/www.llarseltemple.org\/ca\/wp-json\/wp\/v2\/pages\/933\/revisions"}],"predecessor-version":[{"id":1086,"href":"https:\/\/www.llarseltemple.org\/ca\/wp-json\/wp\/v2\/pages\/933\/revisions\/1086"}],"up":[{"embeddable":true,"href":"https:\/\/www.llarseltemple.org\/ca\/wp-json\/wp\/v2\/pages\/932"}],"wp:attachment":[{"href":"https:\/\/www.llarseltemple.org\/ca\/wp-json\/wp\/v2\/media?parent=933"}],"curies":[{"name":"wp","href":"https:\/\/api.w.org\/{rel}","templated":true}]}}