{"id":931,"date":"2017-01-18T09:03:04","date_gmt":"2017-01-18T09:03:04","guid":{"rendered":"http:\/\/www.llarseltemple.org\/programas\/atencion-al-menor\/salud-prevencion-y-control-de-sustancias-toxicas\/"},"modified":"2017-03-22T09:39:23","modified_gmt":"2017-03-22T09:39:23","slug":"salut-prevencio-i-control-de-substancies-toxiques","status":"publish","type":"page","link":"https:\/\/www.llarseltemple.org\/ca\/programes\/atencio-al-menor\/salut-prevencio-i-control-de-substancies-toxiques\/","title":{"rendered":"Salut. Prevenci\u00f3 i control de subst\u00e0ncies t\u00f2xiques"},"content":{"rendered":"<div class=\"wpb-content-wrapper\"><p>[vc_row css_animation=&#8221;&#8221; row_type=&#8221;row&#8221; use_row_as_full_screen_section=&#8221;no&#8221; type=&#8221;full_width&#8221; angled_section=&#8221;no&#8221; text_align=&#8221;left&#8221; background_image_as_pattern=&#8221;without_pattern&#8221;][vc_column width=&#8221;1\/4&#8243;][vc_empty_space height=&#8221;55px&#8221;][vc_column_text css=&#8221;.vc_custom_1490175538623{border-bottom-width: px !important;padding-top: 2px !important;padding-right: 4px !important;padding-bottom: 0px !important;padding-left: 4px !important;background-color: #b01657 !important;border-bottom-color: #b01657 !important;border-bottom-style: solid !important;}&#8221;]<\/p>\n<h3><span style=\"background-color: #b01657; color: #ffffff;\">Programes<\/span><\/h3>\n<p>[\/vc_column_text][vc_empty_space height=&#8221;25px&#8221;][vc_column_text css=&#8221;.vc_custom_1490175543461{border-bottom-width: 1px !important;border-bottom-color: #1db6bc !important;border-bottom-style: solid !important;}&#8221;]<\/p>\n<h4><span style=\"color: #1db6bc;\">Atenci\u00f3 al Menor<\/span><\/h4>\n<p>[\/vc_column_text][vc_empty_space height=&#8221;7px&#8221;][vc_widget_sidebar sidebar_id=&#8221;programa_menores&#8221; el_class=&#8221;titulo_pro_menor&#8221;][vc_empty_space height=&#8221;20px&#8221;][vc_column_text css=&#8221;.vc_custom_1490175550097{border-bottom-width: 1px !important;border-bottom-color: #a1a2ce !important;border-bottom-style: solid !important;}&#8221;]<\/p>\n<h4><span style=\"color: #8b84d7;\">Atenci\u00f3 a les Familias<\/span><\/h4>\n<p>[\/vc_column_text][vc_empty_space height=&#8221;7px&#8221;][vc_widget_sidebar sidebar_id=&#8221;Programa_familias&#8221; el_class=&#8221;titulo_pro_familia&#8221;][vc_empty_space height=&#8221;20px&#8221;][vc_column_text css=&#8221;.vc_custom_1490175555701{border-bottom-width: 1px !important;border-bottom-color: #fcc68a !important;border-bottom-style: solid !important;}&#8221;]<\/p>\n<h4><span style=\"color: #f8ab55;\">Atenci\u00f3 al Personal<\/span><\/h4>\n<p>[\/vc_column_text][vc_empty_space height=&#8221;7px&#8221;][vc_widget_sidebar sidebar_id=&#8221;Programa_personal&#8221; el_class=&#8221;titulo_pro_personal&#8221;][vc_empty_space height=&#8221;20px&#8221;][vc_column_text css=&#8221;.vc_custom_1490175560946{border-bottom-width: 1px !important;border-bottom-color: #009cde !important;border-bottom-style: solid !important;}&#8221;]<\/p>\n<h4><span class=\"participacion\">Participaci\u00f3<\/span><\/h4>\n<p>[\/vc_column_text][vc_empty_space height=&#8221;7px&#8221;][vc_widget_sidebar sidebar_id=&#8221;Programa_participacion&#8221; el_class=&#8221;titulo_pro_participacion&#8221;][\/vc_column][vc_column width=&#8221;3\/4&#8243;][vc_empty_space height=&#8221;60px&#8221;][vc_column_text]<\/p>\n<h3>Programa \/\/ <span style=\"color: #addee1;\">Atenci\u00f3 al menor<\/span><\/h3>\n<p>[\/vc_column_text][vc_column_text]<\/p>\n<h2><span style=\"color: #1db6bc;\"> PROGRAMA DE SALUT, PREVENCI\u00d3 I CONTROL DE SUBST\u00c0NCIES T\u00d2XIQUES <\/span><\/h2>\n<p>[\/vc_column_text][vc_empty_space height=&#8221;30px&#8221;][vc_column_text]<\/p>\n<h3 class=\"p1\" style=\"text-align: justify;\">QU\u00c8 FEM?<\/h3>\n<p class=\"p1\" style=\"text-align: justify;\"><span class=\"s1\"> Promoure una consci\u00e8ncia social sobre els efectes nocius de les drogues que faciliti un augment de la percepci\u00f3 de risc entre la poblaci\u00f3 adolescent, implicat a les seves fam\u00edlies i agents educatius en un proc\u00e9s que pretendr\u00e0 desenvolupar una actitud cr\u00edtica i responsable sobre el consum de drogues, habilitats i compet\u00e8ncies personals per a rebutjar-lo i facilitar-lo alternatives i opcions per a decidir. <\/span><\/p>\n<p>[\/vc_column_text][vc_empty_space height=&#8221;40px&#8221;][vc_column_text]<\/p>\n<h3 class=\"p1\" style=\"text-align: justify;\">AMB QUINS RECURSOS?<\/h3>\n<p class=\"p1\" style=\"text-align: justify;\"><span class=\"s1\">Mitjan\u00e7ant un pla de prevenci\u00f3 que inclou:<br \/>\n<\/span><\/p>\n<ul>\n<li class=\"p1\" style=\"text-align: justify;\"><span class=\"s1\"> La implementaci\u00f3 d\u2019un Programa de Prevenci\u00f3 Educaci\u00f3 i Salut. <\/span><\/li>\n<li class=\"p1\" style=\"text-align: justify;\"><span class=\"s1\"> Un espai d\u2019Oci Saludable propi de l\u2019Entitat, com alternativa a la car\u00e8ncia de recursos d\u2019oci i esport que existeix en l\u2019\u00e0rea comunit\u00e0ria en la que es situa. <\/span><\/li>\n<li class=\"p1\" style=\"text-align: justify;\"><span class=\"s1\"> Formaci\u00f3 per a l\u2019equip t\u00e8cnic i educatiu en la prevenci\u00f3 i actuaci\u00f3 en la detecci\u00f3 de consum de subst\u00e0ncies addictives, en coordinaci\u00f3 amb Entitats de reconeguda experi\u00e8ncia en la mat\u00e8ria, com la secci\u00f3 de Prevenci\u00f3 Comunit\u00e0ria del Consell de Mallorca o Creu Roja Joventut. <\/span><\/li>\n<li class=\"p1\" style=\"text-align: justify;\"><span class=\"s1\"> Un Protocol de Detecci\u00f3 i Actuaci\u00f3 elaborat amb l\u2019assessorament de la secci\u00f3 de Prevenci\u00f3 Comunit\u00e0ria del Consell de Mallorca. <\/span><\/li>\n<li class=\"p1\" style=\"text-align: justify;\"><span class=\"s1\"> Participaci\u00f3 en iniciatives preventives, com en la presentaci\u00f3 del programa FERYA, per a la participaci\u00f3 familiar en la prevenci\u00f3 de riscos. <\/span><\/li>\n<\/ul>\n<p>[\/vc_column_text][vc_empty_space height=&#8221;40px&#8221;][vc_column_text]<\/p>\n<h3 class=\"p1\" style=\"text-align: justify;\">\u00a0COM HO FEM?<\/h3>\n<p class=\"p1\" style=\"text-align: justify;\"><span class=\"s1\"> Amb activitats que proposen una alternativa a possibles conductes perjudicials per a la salut, oferint una resposta integral que afavoreixi l\u2019adquisici\u00f3 d\u2019h\u00e0bits saludables en la poblaci\u00f3 adolescent. El programa s\u2019aprofita d\u2019elements de l\u2019animaci\u00f3 sociocultural per a acompanyar-los en el gaudi del temps lliure, estimulant la relaci\u00f3 entre iguals, proporcionant-los vies de socialitzaci\u00f3 i alternatives d\u2019oci que no es basen en el consum o l\u2019evasi\u00f3, sino en la utilitzaci\u00f3 activa de les pr\u00f2pies capacitats. Es distingeixen: <\/span><\/p>\n<ul>\n<li class=\"p1\" style=\"text-align: justify;\"><span class=\"s1\"> Les que es promouen a trav\u00e9s de l\u2019espai d\u2019Oci Saludable: temps de conviv\u00e8ncia espont\u00e0nia amb jocs de taula, videojocs, video f\u00f2rum, di\u00e0leg en grup, tallers de cuina, autoimatge, interpretaci\u00f3, ball, manualitats, preparaci\u00f3 de festes&#8230; <\/span><\/li>\n<li class=\"p1\" style=\"text-align: justify;\"><span class=\"s1\"> Les que es promouen a trav\u00e9s de la planificaci\u00f3 individualitzada del temps lliure amb els recursos disponibles en la comunitat: club de futbol, acad\u00e8mia de ball, voluntariats, \u00fas de instal\u00b7lacions esportives municipals&#8230; <\/span><\/li>\n<li class=\"p1\" style=\"text-align: justify;\"><span class=\"s1\"> Les que es promouen a trav\u00e9s de la participaci\u00f3 comunit\u00e0ria: celebracions del barri, activitats programades, esdeveniments culturals, accions solid\u00e0ries&#8230; aix\u00ed com en la seva organitzaci\u00f3 conjunta amb la Comissi\u00f3 Infanto Juvenil del barri de Canamunt. <\/span><\/li>\n<\/ul>\n<p>[\/vc_column_text][vc_empty_space height=&#8221;60px&#8221;][\/vc_column][\/vc_row]<\/p>\n<\/div>","protected":false},"excerpt":{"rendered":"<p>[vc_row css_animation=&#8221;&#8221; row_type=&#8221;row&#8221; use_row_as_full_screen_section=&#8221;no&#8221; type=&#8221;full_width&#8221; angled_section=&#8221;no&#8221; text_align=&#8221;left&#8221; background_image_as_pattern=&#8221;without_pattern&#8221;][vc_column width=&#8221;1\/4&#8243;][vc_empty_space height=&#8221;55px&#8221;][vc_column_text css=&#8221;.vc_custom_1490175538623{border-bottom-width: px !important;padding-top: 2px !important;padding-right: 4px !important;padding-bottom: 0px !important;padding-left: 4px !important;background-color: #b01657 !important;border-bottom-color: #b01657 !important;border-bottom-style: solid !important;}&#8221;] Programes [\/vc_column_text][vc_empty_space height=&#8221;25px&#8221;][vc_column_text css=&#8221;.vc_custom_1490175543461{border-bottom-width: 1px !important;border-bottom-color: #1db6bc !important;border-bottom-style: solid !important;}&#8221;] Atenci\u00f3 al Menor [\/vc_column_text][vc_empty_space height=&#8221;7px&#8221;][vc_widget_sidebar sidebar_id=&#8221;programa_menores&#8221; el_class=&#8221;titulo_pro_menor&#8221;][vc_empty_space height=&#8221;20px&#8221;][vc_column_text&#8230;<\/p>\n","protected":false},"author":1,"featured_media":0,"parent":924,"menu_order":0,"comment_status":"closed","ping_status":"closed","template":"","meta":{"footnotes":""},"class_list":["post-931","page","type-page","status-publish","hentry"],"yoast_head":"<!-- This site is optimized with the Yoast SEO plugin v27.3 - https:\/\/yoast.com\/product\/yoast-seo-wordpress\/ -->\n<title>Salud del Menor | Prevenci\u00f3n drogas | Control adicciones Mallorca<\/title>\n<meta name=\"description\" content=\"Llars El Temple es un centro en Palma especializado en salud del menor, prevenci\u00f3n de drogas y control de adicciones en adolescentes en Mallorca.\" \/>\n<meta name=\"robots\" content=\"index, follow, max-snippet:-1, max-image-preview:large, max-video-preview:-1\" \/>\n<link rel=\"canonical\" href=\"https:\/\/www.llarseltemple.org\/ca\/programes\/atencio-al-menor\/salut-prevencio-i-control-de-substancies-toxiques\/\" \/>\n<meta property=\"og:locale\" content=\"ca_ES\" \/>\n<meta property=\"og:type\" content=\"article\" \/>\n<meta property=\"og:title\" content=\"Salud del Menor | Prevenci\u00f3n drogas | Control adicciones Mallorca\" \/>\n<meta property=\"og:description\" content=\"Llars El Temple es un centro en Palma especializado en salud del menor, prevenci\u00f3n de drogas y control de adicciones en adolescentes en Mallorca.\" \/>\n<meta property=\"og:url\" content=\"https:\/\/www.llarseltemple.org\/ca\/programes\/atencio-al-menor\/salut-prevencio-i-control-de-substancies-toxiques\/\" \/>\n<meta property=\"og:site_name\" content=\"Llars El Temple\" \/>\n<meta property=\"article:modified_time\" content=\"2017-03-22T09:39:23+00:00\" \/>\n<meta name=\"twitter:card\" content=\"summary_large_image\" \/>\n<meta name=\"twitter:label1\" content=\"Temps estimat de lectura\" \/>\n\t<meta name=\"twitter:data1\" content=\"4 minuts\" \/>\n<script type=\"application\/ld+json\" class=\"yoast-schema-graph\">{\"@context\":\"https:\\\/\\\/schema.org\",\"@graph\":[{\"@type\":\"WebPage\",\"@id\":\"https:\\\/\\\/www.llarseltemple.org\\\/ca\\\/programes\\\/atencio-al-menor\\\/salut-prevencio-i-control-de-substancies-toxiques\\\/\",\"url\":\"https:\\\/\\\/www.llarseltemple.org\\\/ca\\\/programes\\\/atencio-al-menor\\\/salut-prevencio-i-control-de-substancies-toxiques\\\/\",\"name\":\"Salud del Menor | Prevenci\u00f3n drogas | Control adicciones Mallorca\",\"isPartOf\":{\"@id\":\"https:\\\/\\\/www.llarseltemple.org\\\/#website\"},\"datePublished\":\"2017-01-18T09:03:04+00:00\",\"dateModified\":\"2017-03-22T09:39:23+00:00\",\"description\":\"Llars El Temple es un centro en Palma especializado en salud del menor, prevenci\u00f3n de drogas y control de adicciones en adolescentes en Mallorca.\",\"breadcrumb\":{\"@id\":\"https:\\\/\\\/www.llarseltemple.org\\\/ca\\\/programes\\\/atencio-al-menor\\\/salut-prevencio-i-control-de-substancies-toxiques\\\/#breadcrumb\"},\"inLanguage\":\"ca\",\"potentialAction\":[{\"@type\":\"ReadAction\",\"target\":[\"https:\\\/\\\/www.llarseltemple.org\\\/ca\\\/programes\\\/atencio-al-menor\\\/salut-prevencio-i-control-de-substancies-toxiques\\\/\"]}]},{\"@type\":\"BreadcrumbList\",\"@id\":\"https:\\\/\\\/www.llarseltemple.org\\\/ca\\\/programes\\\/atencio-al-menor\\\/salut-prevencio-i-control-de-substancies-toxiques\\\/#breadcrumb\",\"itemListElement\":[{\"@type\":\"ListItem\",\"position\":1,\"name\":\"Portada\",\"item\":\"https:\\\/\\\/www.llarseltemple.org\\\/ca\\\/\"},{\"@type\":\"ListItem\",\"position\":2,\"name\":\"Programes\",\"item\":\"https:\\\/\\\/www.llarseltemple.org\\\/ca\\\/programes\\\/\"},{\"@type\":\"ListItem\",\"position\":3,\"name\":\"Atenci\u00f3 al menor\",\"item\":\"https:\\\/\\\/www.llarseltemple.org\\\/ca\\\/programes\\\/atencio-al-menor\\\/\"},{\"@type\":\"ListItem\",\"position\":4,\"name\":\"Salut. Prevenci\u00f3 i control de subst\u00e0ncies t\u00f2xiques\"}]},{\"@type\":\"WebSite\",\"@id\":\"https:\\\/\\\/www.llarseltemple.org\\\/#website\",\"url\":\"https:\\\/\\\/www.llarseltemple.org\\\/\",\"name\":\"Llars El Temple\",\"description\":\"Palma de Mallorca\",\"potentialAction\":[{\"@type\":\"SearchAction\",\"target\":{\"@type\":\"EntryPoint\",\"urlTemplate\":\"https:\\\/\\\/www.llarseltemple.org\\\/?s={search_term_string}\"},\"query-input\":{\"@type\":\"PropertyValueSpecification\",\"valueRequired\":true,\"valueName\":\"search_term_string\"}}],\"inLanguage\":\"ca\"}]}<\/script>\n<!-- \/ Yoast SEO plugin. -->","yoast_head_json":{"title":"Salud del Menor | Prevenci\u00f3n drogas | Control adicciones Mallorca","description":"Llars El Temple es un centro en Palma especializado en salud del menor, prevenci\u00f3n de drogas y control de adicciones en adolescentes en Mallorca.","robots":{"index":"index","follow":"follow","max-snippet":"max-snippet:-1","max-image-preview":"max-image-preview:large","max-video-preview":"max-video-preview:-1"},"canonical":"https:\/\/www.llarseltemple.org\/ca\/programes\/atencio-al-menor\/salut-prevencio-i-control-de-substancies-toxiques\/","og_locale":"ca_ES","og_type":"article","og_title":"Salud del Menor | Prevenci\u00f3n drogas | Control adicciones Mallorca","og_description":"Llars El Temple es un centro en Palma especializado en salud del menor, prevenci\u00f3n de drogas y control de adicciones en adolescentes en Mallorca.","og_url":"https:\/\/www.llarseltemple.org\/ca\/programes\/atencio-al-menor\/salut-prevencio-i-control-de-substancies-toxiques\/","og_site_name":"Llars El Temple","article_modified_time":"2017-03-22T09:39:23+00:00","twitter_card":"summary_large_image","twitter_misc":{"Temps estimat de lectura":"4 minuts"},"schema":{"@context":"https:\/\/schema.org","@graph":[{"@type":"WebPage","@id":"https:\/\/www.llarseltemple.org\/ca\/programes\/atencio-al-menor\/salut-prevencio-i-control-de-substancies-toxiques\/","url":"https:\/\/www.llarseltemple.org\/ca\/programes\/atencio-al-menor\/salut-prevencio-i-control-de-substancies-toxiques\/","name":"Salud del Menor | Prevenci\u00f3n drogas | Control adicciones Mallorca","isPartOf":{"@id":"https:\/\/www.llarseltemple.org\/#website"},"datePublished":"2017-01-18T09:03:04+00:00","dateModified":"2017-03-22T09:39:23+00:00","description":"Llars El Temple es un centro en Palma especializado en salud del menor, prevenci\u00f3n de drogas y control de adicciones en adolescentes en Mallorca.","breadcrumb":{"@id":"https:\/\/www.llarseltemple.org\/ca\/programes\/atencio-al-menor\/salut-prevencio-i-control-de-substancies-toxiques\/#breadcrumb"},"inLanguage":"ca","potentialAction":[{"@type":"ReadAction","target":["https:\/\/www.llarseltemple.org\/ca\/programes\/atencio-al-menor\/salut-prevencio-i-control-de-substancies-toxiques\/"]}]},{"@type":"BreadcrumbList","@id":"https:\/\/www.llarseltemple.org\/ca\/programes\/atencio-al-menor\/salut-prevencio-i-control-de-substancies-toxiques\/#breadcrumb","itemListElement":[{"@type":"ListItem","position":1,"name":"Portada","item":"https:\/\/www.llarseltemple.org\/ca\/"},{"@type":"ListItem","position":2,"name":"Programes","item":"https:\/\/www.llarseltemple.org\/ca\/programes\/"},{"@type":"ListItem","position":3,"name":"Atenci\u00f3 al menor","item":"https:\/\/www.llarseltemple.org\/ca\/programes\/atencio-al-menor\/"},{"@type":"ListItem","position":4,"name":"Salut. Prevenci\u00f3 i control de subst\u00e0ncies t\u00f2xiques"}]},{"@type":"WebSite","@id":"https:\/\/www.llarseltemple.org\/#website","url":"https:\/\/www.llarseltemple.org\/","name":"Llars El Temple","description":"Palma de Mallorca","potentialAction":[{"@type":"SearchAction","target":{"@type":"EntryPoint","urlTemplate":"https:\/\/www.llarseltemple.org\/?s={search_term_string}"},"query-input":{"@type":"PropertyValueSpecification","valueRequired":true,"valueName":"search_term_string"}}],"inLanguage":"ca"}]}},"_links":{"self":[{"href":"https:\/\/www.llarseltemple.org\/ca\/wp-json\/wp\/v2\/pages\/931","targetHints":{"allow":["GET"]}}],"collection":[{"href":"https:\/\/www.llarseltemple.org\/ca\/wp-json\/wp\/v2\/pages"}],"about":[{"href":"https:\/\/www.llarseltemple.org\/ca\/wp-json\/wp\/v2\/types\/page"}],"author":[{"embeddable":true,"href":"https:\/\/www.llarseltemple.org\/ca\/wp-json\/wp\/v2\/users\/1"}],"replies":[{"embeddable":true,"href":"https:\/\/www.llarseltemple.org\/ca\/wp-json\/wp\/v2\/comments?post=931"}],"version-history":[{"count":4,"href":"https:\/\/www.llarseltemple.org\/ca\/wp-json\/wp\/v2\/pages\/931\/revisions"}],"predecessor-version":[{"id":1079,"href":"https:\/\/www.llarseltemple.org\/ca\/wp-json\/wp\/v2\/pages\/931\/revisions\/1079"}],"up":[{"embeddable":true,"href":"https:\/\/www.llarseltemple.org\/ca\/wp-json\/wp\/v2\/pages\/924"}],"wp:attachment":[{"href":"https:\/\/www.llarseltemple.org\/ca\/wp-json\/wp\/v2\/media?parent=931"}],"curies":[{"name":"wp","href":"https:\/\/api.w.org\/{rel}","templated":true}]}}