{"id":928,"date":"2017-01-11T22:52:03","date_gmt":"2017-01-11T22:52:03","guid":{"rendered":"http:\/\/www.llarseltemple.org\/programas\/atencion-al-menor\/psicoeducativo-afectivo-sexual\/"},"modified":"2017-03-22T09:40:39","modified_gmt":"2017-03-22T09:40:39","slug":"psicoeducatiu-afectiu-sexual","status":"publish","type":"page","link":"https:\/\/www.llarseltemple.org\/ca\/programes\/atencio-al-menor\/psicoeducatiu-afectiu-sexual\/","title":{"rendered":"Psicoeducatiu afectiu-sexual"},"content":{"rendered":"<div class=\"wpb-content-wrapper\"><p>[vc_row css_animation=&#8221;&#8221; row_type=&#8221;row&#8221; use_row_as_full_screen_section=&#8221;no&#8221; type=&#8221;full_width&#8221; angled_section=&#8221;no&#8221; text_align=&#8221;left&#8221; background_image_as_pattern=&#8221;without_pattern&#8221;][vc_column width=&#8221;1\/4&#8243;][vc_empty_space height=&#8221;55px&#8221;][vc_column_text css=&#8221;.vc_custom_1490175610563{border-bottom-width: px !important;padding-top: 2px !important;padding-right: 4px !important;padding-bottom: 0px !important;padding-left: 4px !important;background-color: #b01657 !important;border-bottom-color: #b01657 !important;border-bottom-style: solid !important;}&#8221;]<\/p>\n<h3><span style=\"background-color: #b01657; color: #ffffff;\">Programes<\/span><\/h3>\n<p>[\/vc_column_text][vc_empty_space height=&#8221;25px&#8221;][vc_column_text css=&#8221;.vc_custom_1490175616143{border-bottom-width: 1px !important;border-bottom-color: #1db6bc !important;border-bottom-style: solid !important;}&#8221;]<\/p>\n<h4><span style=\"color: #1db6bc;\">Atenci\u00f3 al Menor<\/span><\/h4>\n<p>[\/vc_column_text][vc_empty_space height=&#8221;7px&#8221;][vc_widget_sidebar sidebar_id=&#8221;programa_menores&#8221; el_class=&#8221;titulo_pro_menor&#8221;][vc_empty_space height=&#8221;20px&#8221;][vc_column_text css=&#8221;.vc_custom_1490175626653{border-bottom-width: 1px !important;border-bottom-color: #a1a2ce !important;border-bottom-style: solid !important;}&#8221;]<\/p>\n<h4><span style=\"color: #8b84d7;\">Atenci\u00f3 a les Fam\u00edlies<\/span><\/h4>\n<p>[\/vc_column_text][vc_empty_space height=&#8221;7px&#8221;][vc_widget_sidebar sidebar_id=&#8221;Programa_familias&#8221; el_class=&#8221;titulo_pro_familia&#8221;][vc_empty_space height=&#8221;20px&#8221;][vc_column_text css=&#8221;.vc_custom_1490175631944{border-bottom-width: 1px !important;border-bottom-color: #fcc68a !important;border-bottom-style: solid !important;}&#8221;]<\/p>\n<h4><span style=\"color: #f8ab55;\">Atenci\u00f3 al Personal<\/span><\/h4>\n<p>[\/vc_column_text][vc_empty_space height=&#8221;7px&#8221;][vc_widget_sidebar sidebar_id=&#8221;Programa_personal&#8221; el_class=&#8221;titulo_pro_personal&#8221;][vc_empty_space height=&#8221;20px&#8221;][vc_column_text css=&#8221;.vc_custom_1490175637301{border-bottom-width: 1px !important;border-bottom-color: #009cde !important;border-bottom-style: solid !important;}&#8221;]<\/p>\n<h4><span class=\"participacion\">Participaci\u00f3<\/span><\/h4>\n<p>[\/vc_column_text][vc_empty_space height=&#8221;7px&#8221;][vc_widget_sidebar sidebar_id=&#8221;Programa_participacion&#8221; el_class=&#8221;titulo_pro_participacion&#8221;][\/vc_column][vc_column width=&#8221;3\/4&#8243;][vc_empty_space height=&#8221;60px&#8221;][vc_column_text]<\/p>\n<h3>Programa \/\/ <span style=\"color: #addee1;\">Atenci\u00f3 al menor<\/span><\/h3>\n<p>[\/vc_column_text][vc_column_text]<\/p>\n<h2 class=\"p1\"><span style=\"color: #1db6bc;\"> PROGRAMA PSICO-EDUCATIU AFECTIVO-SEXUAL <\/span><\/h2>\n<p>[\/vc_column_text][vc_empty_space height=&#8221;30px&#8221;][vc_column_text]<\/p>\n<h3 class=\"p1\">QU\u00c8 FEM?<\/h3>\n<p class=\"p1\" style=\"text-align: justify;\"><span class=\"s1\"> Afavorir una actitud positiva vers la sexualitat com un objectiu important dins del correcte desenvolupament afectiu, social i emocional dels nens i nenes, entenent-la com una forma de comunicaci\u00f3, font de salut, plaer, afectivitat i, quan es desitja, de reproducci\u00f3. <\/span><\/p>\n<h3 class=\"p1\"><\/h3>\n<p>[\/vc_column_text][vc_empty_space height=&#8221;40px&#8221;][vc_column_text]<\/p>\n<h3 class=\"p1\">AMB QUINS RECURSOS?<\/h3>\n<p class=\"p1\" style=\"text-align: justify;\"><span class=\"s1\"> Amb un programa implementat de forma grupal per el psic\u00f2leg de l\u2019Entitat, especialitzat en salut i maltractament infanto-juvenil, que es recolza en la intervenci\u00f3 de l\u2019equip educatiu. <\/span><\/p>\n<p>[\/vc_column_text][vc_empty_space height=&#8221;40px&#8221;][vc_column_text]<\/p>\n<h3 class=\"p1\" style=\"text-align: justify;\">\u00a0COM HO FEM?<\/h3>\n<p class=\"p1\" style=\"text-align: justify;\"><span class=\"s1\"> Abordant els temes relacionats amb la sexualitat des d\u2019un enfocament que contribueixi al desenvolupament de la personalitat de l\u2019adolescent, ajudant-lo aix\u00ed a integrar de manera saludable la sexualitat en el seu m\u00f3n personal i relacional, incidint a: <\/span><\/p>\n<ul>\n<li style=\"text-align: justify;\">Desenvolupar i aplicar estrat\u00e8gies personals i col\u00b7lectives, aix\u00ed com pautes d\u2019actuaci\u00f3 per a resoldre problemes que se li puguin presentar a la seva vida entorn a la sexualitat.<\/li>\n<li style=\"text-align: justify;\">Desenvolupar una autoestima i autoconcepte adequats, acceptant una identitat i orientaci\u00f3 sexual lliure d\u2019elements discriminatoris.<\/li>\n<li style=\"text-align: justify;\">Desenvolupar h\u00e0bits, actituds i conductes saludables fins la sexualitat, propiciant una flexibilitzaci\u00f3 dels rols sexuals.<\/li>\n<li style=\"text-align: justify;\">Facilitar la capacitat de reflexi\u00f3 entorn al fet sexual hum\u00e0 a nivell biol\u00f2gic, ps\u00edquic i social, amb la finalitat de substituir les concepcions basades en prejudicis i creences infundades per coneixements adequats.<\/li>\n<li style=\"text-align: justify;\">Propiciar valors en els que les relacions entre les persones estiguin basades en la igualtat, el respecte i la responsabilitat.<\/li>\n<li style=\"text-align: justify;\">Donar a con\u00e8ixer els canvis f\u00edsics, psicol\u00f2gics i socials que es produeixen en aquesta etapa.<\/li>\n<\/ul>\n<p>[\/vc_column_text][vc_empty_space height=&#8221;60px&#8221;][\/vc_column][\/vc_row]<\/p>\n<\/div>","protected":false},"excerpt":{"rendered":"<p>[vc_row css_animation=&#8221;&#8221; row_type=&#8221;row&#8221; use_row_as_full_screen_section=&#8221;no&#8221; type=&#8221;full_width&#8221; angled_section=&#8221;no&#8221; text_align=&#8221;left&#8221; background_image_as_pattern=&#8221;without_pattern&#8221;][vc_column width=&#8221;1\/4&#8243;][vc_empty_space height=&#8221;55px&#8221;][vc_column_text css=&#8221;.vc_custom_1490175610563{border-bottom-width: px !important;padding-top: 2px !important;padding-right: 4px !important;padding-bottom: 0px !important;padding-left: 4px !important;background-color: #b01657 !important;border-bottom-color: #b01657 !important;border-bottom-style: solid !important;}&#8221;] Programes [\/vc_column_text][vc_empty_space height=&#8221;25px&#8221;][vc_column_text css=&#8221;.vc_custom_1490175616143{border-bottom-width: 1px !important;border-bottom-color: #1db6bc !important;border-bottom-style: solid !important;}&#8221;] Atenci\u00f3 al Menor [\/vc_column_text][vc_empty_space height=&#8221;7px&#8221;][vc_widget_sidebar sidebar_id=&#8221;programa_menores&#8221; el_class=&#8221;titulo_pro_menor&#8221;][vc_empty_space height=&#8221;20px&#8221;][vc_column_text&#8230;<\/p>\n","protected":false},"author":1,"featured_media":0,"parent":924,"menu_order":0,"comment_status":"closed","ping_status":"closed","template":"","meta":{"footnotes":""},"class_list":["post-928","page","type-page","status-publish","hentry"],"yoast_head":"<!-- This site is optimized with the Yoast SEO plugin v27.3 - https:\/\/yoast.com\/product\/yoast-seo-wordpress\/ -->\n<title>Psicoeducaci\u00f3n afectivo sexual Palma | Educaci\u00f3n sexual Mallorca<\/title>\n<meta name=\"description\" content=\"Llars El Temple brinda apoyo en el desarrollo social y emocional de adolescentes con el fin de que tengan una actitud sana y positiva hacia la sexualidad.\" \/>\n<meta name=\"robots\" content=\"index, follow, max-snippet:-1, max-image-preview:large, max-video-preview:-1\" \/>\n<link rel=\"canonical\" href=\"https:\/\/www.llarseltemple.org\/ca\/programes\/atencio-al-menor\/psicoeducatiu-afectiu-sexual\/\" \/>\n<meta property=\"og:locale\" content=\"ca_ES\" \/>\n<meta property=\"og:type\" content=\"article\" \/>\n<meta property=\"og:title\" content=\"Psicoeducaci\u00f3n afectivo sexual Palma | Educaci\u00f3n sexual Mallorca\" \/>\n<meta property=\"og:description\" content=\"Llars El Temple brinda apoyo en el desarrollo social y emocional de adolescentes con el fin de que tengan una actitud sana y positiva hacia la sexualidad.\" \/>\n<meta property=\"og:url\" content=\"https:\/\/www.llarseltemple.org\/ca\/programes\/atencio-al-menor\/psicoeducatiu-afectiu-sexual\/\" \/>\n<meta property=\"og:site_name\" content=\"Llars El Temple\" \/>\n<meta property=\"article:modified_time\" content=\"2017-03-22T09:40:39+00:00\" \/>\n<meta name=\"twitter:card\" content=\"summary_large_image\" \/>\n<meta name=\"twitter:label1\" content=\"Temps estimat de lectura\" \/>\n\t<meta name=\"twitter:data1\" content=\"3 minuts\" \/>\n<script type=\"application\/ld+json\" class=\"yoast-schema-graph\">{\"@context\":\"https:\\\/\\\/schema.org\",\"@graph\":[{\"@type\":\"WebPage\",\"@id\":\"https:\\\/\\\/www.llarseltemple.org\\\/ca\\\/programes\\\/atencio-al-menor\\\/psicoeducatiu-afectiu-sexual\\\/\",\"url\":\"https:\\\/\\\/www.llarseltemple.org\\\/ca\\\/programes\\\/atencio-al-menor\\\/psicoeducatiu-afectiu-sexual\\\/\",\"name\":\"Psicoeducaci\u00f3n afectivo sexual Palma | Educaci\u00f3n sexual Mallorca\",\"isPartOf\":{\"@id\":\"https:\\\/\\\/www.llarseltemple.org\\\/#website\"},\"datePublished\":\"2017-01-11T22:52:03+00:00\",\"dateModified\":\"2017-03-22T09:40:39+00:00\",\"description\":\"Llars El Temple brinda apoyo en el desarrollo social y emocional de adolescentes con el fin de que tengan una actitud sana y positiva hacia la sexualidad.\",\"breadcrumb\":{\"@id\":\"https:\\\/\\\/www.llarseltemple.org\\\/ca\\\/programes\\\/atencio-al-menor\\\/psicoeducatiu-afectiu-sexual\\\/#breadcrumb\"},\"inLanguage\":\"ca\",\"potentialAction\":[{\"@type\":\"ReadAction\",\"target\":[\"https:\\\/\\\/www.llarseltemple.org\\\/ca\\\/programes\\\/atencio-al-menor\\\/psicoeducatiu-afectiu-sexual\\\/\"]}]},{\"@type\":\"BreadcrumbList\",\"@id\":\"https:\\\/\\\/www.llarseltemple.org\\\/ca\\\/programes\\\/atencio-al-menor\\\/psicoeducatiu-afectiu-sexual\\\/#breadcrumb\",\"itemListElement\":[{\"@type\":\"ListItem\",\"position\":1,\"name\":\"Portada\",\"item\":\"https:\\\/\\\/www.llarseltemple.org\\\/ca\\\/\"},{\"@type\":\"ListItem\",\"position\":2,\"name\":\"Programes\",\"item\":\"https:\\\/\\\/www.llarseltemple.org\\\/ca\\\/programes\\\/\"},{\"@type\":\"ListItem\",\"position\":3,\"name\":\"Atenci\u00f3 al menor\",\"item\":\"https:\\\/\\\/www.llarseltemple.org\\\/ca\\\/programes\\\/atencio-al-menor\\\/\"},{\"@type\":\"ListItem\",\"position\":4,\"name\":\"Psicoeducatiu afectiu-sexual\"}]},{\"@type\":\"WebSite\",\"@id\":\"https:\\\/\\\/www.llarseltemple.org\\\/#website\",\"url\":\"https:\\\/\\\/www.llarseltemple.org\\\/\",\"name\":\"Llars El Temple\",\"description\":\"Palma de Mallorca\",\"potentialAction\":[{\"@type\":\"SearchAction\",\"target\":{\"@type\":\"EntryPoint\",\"urlTemplate\":\"https:\\\/\\\/www.llarseltemple.org\\\/?s={search_term_string}\"},\"query-input\":{\"@type\":\"PropertyValueSpecification\",\"valueRequired\":true,\"valueName\":\"search_term_string\"}}],\"inLanguage\":\"ca\"}]}<\/script>\n<!-- \/ Yoast SEO plugin. -->","yoast_head_json":{"title":"Psicoeducaci\u00f3n afectivo sexual Palma | Educaci\u00f3n sexual Mallorca","description":"Llars El Temple brinda apoyo en el desarrollo social y emocional de adolescentes con el fin de que tengan una actitud sana y positiva hacia la sexualidad.","robots":{"index":"index","follow":"follow","max-snippet":"max-snippet:-1","max-image-preview":"max-image-preview:large","max-video-preview":"max-video-preview:-1"},"canonical":"https:\/\/www.llarseltemple.org\/ca\/programes\/atencio-al-menor\/psicoeducatiu-afectiu-sexual\/","og_locale":"ca_ES","og_type":"article","og_title":"Psicoeducaci\u00f3n afectivo sexual Palma | Educaci\u00f3n sexual Mallorca","og_description":"Llars El Temple brinda apoyo en el desarrollo social y emocional de adolescentes con el fin de que tengan una actitud sana y positiva hacia la sexualidad.","og_url":"https:\/\/www.llarseltemple.org\/ca\/programes\/atencio-al-menor\/psicoeducatiu-afectiu-sexual\/","og_site_name":"Llars El Temple","article_modified_time":"2017-03-22T09:40:39+00:00","twitter_card":"summary_large_image","twitter_misc":{"Temps estimat de lectura":"3 minuts"},"schema":{"@context":"https:\/\/schema.org","@graph":[{"@type":"WebPage","@id":"https:\/\/www.llarseltemple.org\/ca\/programes\/atencio-al-menor\/psicoeducatiu-afectiu-sexual\/","url":"https:\/\/www.llarseltemple.org\/ca\/programes\/atencio-al-menor\/psicoeducatiu-afectiu-sexual\/","name":"Psicoeducaci\u00f3n afectivo sexual Palma | Educaci\u00f3n sexual Mallorca","isPartOf":{"@id":"https:\/\/www.llarseltemple.org\/#website"},"datePublished":"2017-01-11T22:52:03+00:00","dateModified":"2017-03-22T09:40:39+00:00","description":"Llars El Temple brinda apoyo en el desarrollo social y emocional de adolescentes con el fin de que tengan una actitud sana y positiva hacia la sexualidad.","breadcrumb":{"@id":"https:\/\/www.llarseltemple.org\/ca\/programes\/atencio-al-menor\/psicoeducatiu-afectiu-sexual\/#breadcrumb"},"inLanguage":"ca","potentialAction":[{"@type":"ReadAction","target":["https:\/\/www.llarseltemple.org\/ca\/programes\/atencio-al-menor\/psicoeducatiu-afectiu-sexual\/"]}]},{"@type":"BreadcrumbList","@id":"https:\/\/www.llarseltemple.org\/ca\/programes\/atencio-al-menor\/psicoeducatiu-afectiu-sexual\/#breadcrumb","itemListElement":[{"@type":"ListItem","position":1,"name":"Portada","item":"https:\/\/www.llarseltemple.org\/ca\/"},{"@type":"ListItem","position":2,"name":"Programes","item":"https:\/\/www.llarseltemple.org\/ca\/programes\/"},{"@type":"ListItem","position":3,"name":"Atenci\u00f3 al menor","item":"https:\/\/www.llarseltemple.org\/ca\/programes\/atencio-al-menor\/"},{"@type":"ListItem","position":4,"name":"Psicoeducatiu afectiu-sexual"}]},{"@type":"WebSite","@id":"https:\/\/www.llarseltemple.org\/#website","url":"https:\/\/www.llarseltemple.org\/","name":"Llars El Temple","description":"Palma de Mallorca","potentialAction":[{"@type":"SearchAction","target":{"@type":"EntryPoint","urlTemplate":"https:\/\/www.llarseltemple.org\/?s={search_term_string}"},"query-input":{"@type":"PropertyValueSpecification","valueRequired":true,"valueName":"search_term_string"}}],"inLanguage":"ca"}]}},"_links":{"self":[{"href":"https:\/\/www.llarseltemple.org\/ca\/wp-json\/wp\/v2\/pages\/928","targetHints":{"allow":["GET"]}}],"collection":[{"href":"https:\/\/www.llarseltemple.org\/ca\/wp-json\/wp\/v2\/pages"}],"about":[{"href":"https:\/\/www.llarseltemple.org\/ca\/wp-json\/wp\/v2\/types\/page"}],"author":[{"embeddable":true,"href":"https:\/\/www.llarseltemple.org\/ca\/wp-json\/wp\/v2\/users\/1"}],"replies":[{"embeddable":true,"href":"https:\/\/www.llarseltemple.org\/ca\/wp-json\/wp\/v2\/comments?post=928"}],"version-history":[{"count":4,"href":"https:\/\/www.llarseltemple.org\/ca\/wp-json\/wp\/v2\/pages\/928\/revisions"}],"predecessor-version":[{"id":1081,"href":"https:\/\/www.llarseltemple.org\/ca\/wp-json\/wp\/v2\/pages\/928\/revisions\/1081"}],"up":[{"embeddable":true,"href":"https:\/\/www.llarseltemple.org\/ca\/wp-json\/wp\/v2\/pages\/924"}],"wp:attachment":[{"href":"https:\/\/www.llarseltemple.org\/ca\/wp-json\/wp\/v2\/media?parent=928"}],"curies":[{"name":"wp","href":"https:\/\/api.w.org\/{rel}","templated":true}]}}