{"id":917,"date":"2016-12-14T17:31:29","date_gmt":"2016-12-14T17:31:29","guid":{"rendered":"http:\/\/www.llarseltemple.org\/la-entidad\/"},"modified":"2025-06-09T13:41:02","modified_gmt":"2025-06-09T13:41:02","slug":"l-entidad","status":"publish","type":"page","link":"https:\/\/www.llarseltemple.org\/ca\/","title":{"rendered":"L\u00b4Entidad"},"content":{"rendered":"<div class=\"wpb-content-wrapper\"><p>[vc_row css_animation=&#8221;&#8221; row_type=&#8221;row&#8221; use_row_as_full_screen_section=&#8221;no&#8221; type=&#8221;full_width&#8221; angled_section=&#8221;no&#8221; text_align=&#8221;left&#8221; background_image_as_pattern=&#8221;without_pattern&#8221;][vc_column width=&#8221;1\/4&#8243;][vc_empty_space height=&#8221;120px&#8221;][vc_widget_sidebar sidebar_id=&#8221;menu_el_centro&#8221;][\/vc_column][vc_column width=&#8221;3\/4&#8243;][vc_empty_space height=&#8221;60px&#8221;][vc_column_text css=&#8221;&#8221;]<\/p>\n<h2>Equip hum\u00e0<\/h2>\n<p>&nbsp;<\/p>\n<p class=\"p1\">Llars el Temple est\u00e0 integrada a la Federaci\u00f3 d\u2019Entitats d\u2019Atenci\u00f3 a la Inf\u00e0ncia i Adolesc\u00e8ncia Balear (FEIAB) i treballa de forma coordinada amb les Entitats que la componen amb la missi\u00f3 de donar veu als menors en situaci\u00f3 de risc social i de desprotecci\u00f3, fent visibles a la societat ia les administracions competents les diverses dificultats i necessitats de la inf\u00e0ncia desestructuraci\u00f3 familiar, es troba en situaci\u00f3 de fragilitat social. Per aix\u00f2, es treballa mitjan\u00e7ant comissions i el desenvolupament de projectes per aconseguir objectius com: representar els interessos educatius, socials i econ\u00f2mics de les Entitats perqu\u00e8 puguin oferir un servei de qualitat, investigar i treballar per fomentar i donar suport a la creaci\u00f3 de recursos d&#8217;acord amb les necessitats que la realitat planteja, impulsar la formaci\u00f3 del personal, treballar per aconseguir un marc jur\u00eddic i legal que permeti establir una situaci\u00f3 de dret a les Entitats, intercanviar amb Pisos Assistits (FEPA) ia la xarxa per a la inclusi\u00f3 social EAPN-Illes Balears. Li d\u00f3na suport el Consell de Mallorca i el Govern de les Illes Balears.<\/p>\n<p>[\/vc_column_text][vc_empty_space][vc_row_inner row_type=&#8221;row&#8221; type=&#8221;full_width&#8221; text_align=&#8221;left&#8221; css_animation=&#8221;&#8221;][vc_column_inner width=&#8221;1\/3&#8243;][vc_empty_space][vc_single_image image=&#8221;345&#8243; img_size=&#8221;medium&#8221; alignment=&#8221;center&#8221; onclick=&#8221;custom_link&#8221; img_link_target=&#8221;_blank&#8221; qode_css_animation=&#8221;element_from_fade&#8221; link=&#8221;http:\/\/feiab.org\/&#8221;][vc_empty_space][\/vc_column_inner][vc_column_inner width=&#8221;1\/3&#8243;][vc_empty_space height=&#8221;20px&#8221;][vc_single_image image=&#8221;356&#8243; img_size=&#8221;medium&#8221; alignment=&#8221;center&#8221; onclick=&#8221;custom_link&#8221; img_link_target=&#8221;_blank&#8221; qode_css_animation=&#8221;element_from_fade&#8221; link=&#8221;http:\/\/feiab.org\/&#8221;][vc_empty_space][\/vc_column_inner][vc_column_inner width=&#8221;1\/3&#8243;][vc_empty_space height=&#8221;50px&#8221;][vc_single_image image=&#8221;355&#8243; img_size=&#8221;medium&#8221; alignment=&#8221;center&#8221; onclick=&#8221;custom_link&#8221; img_link_target=&#8221;_blank&#8221; qode_css_animation=&#8221;element_from_fade&#8221; link=&#8221;http:\/\/feiab.org\/&#8221;][vc_empty_space][vc_empty_space][\/vc_column_inner][\/vc_row_inner][\/vc_column][\/vc_row]<\/p>\n<\/div>","protected":false},"excerpt":{"rendered":"<p>[vc_row css_animation=&#8221;&#8221; row_type=&#8221;row&#8221; use_row_as_full_screen_section=&#8221;no&#8221; type=&#8221;full_width&#8221; angled_section=&#8221;no&#8221; text_align=&#8221;left&#8221; background_image_as_pattern=&#8221;without_pattern&#8221;][vc_column width=&#8221;1\/4&#8243;][vc_empty_space height=&#8221;120px&#8221;][vc_widget_sidebar sidebar_id=&#8221;menu_el_centro&#8221;][\/vc_column][vc_column width=&#8221;3\/4&#8243;][vc_empty_space height=&#8221;60px&#8221;][vc_column_text css=&#8221;&#8221;] Equip hum\u00e0 &nbsp; Llars el Temple est\u00e0 integrada a la Federaci\u00f3 d\u2019Entitats d\u2019Atenci\u00f3 a la Inf\u00e0ncia i Adolesc\u00e8ncia Balear (FEIAB) i treballa de forma coordinada amb les Entitats que la componen&#8230;<\/p>\n","protected":false},"author":1,"featured_media":0,"parent":0,"menu_order":0,"comment_status":"closed","ping_status":"closed","template":"","meta":{"footnotes":""},"class_list":["post-917","page","type-page","status-publish","hentry"],"yoast_head":"<!-- This site is optimized with the Yoast SEO plugin v27.3 - https:\/\/yoast.com\/product\/yoast-seo-wordpress\/ -->\n<title>L\u00b4Entidad - Llars El Temple<\/title>\n<meta name=\"robots\" content=\"index, follow, max-snippet:-1, max-image-preview:large, max-video-preview:-1\" \/>\n<link rel=\"canonical\" href=\"https:\/\/www.llarseltemple.org\/ca\/\" \/>\n<meta property=\"og:locale\" content=\"ca_ES\" \/>\n<meta property=\"og:type\" content=\"article\" \/>\n<meta property=\"og:title\" content=\"L\u00b4Entidad - Llars El Temple\" \/>\n<meta property=\"og:description\" content=\"[vc_row css_animation=&#8221;&#8221; row_type=&#8221;row&#8221; use_row_as_full_screen_section=&#8221;no&#8221; type=&#8221;full_width&#8221; angled_section=&#8221;no&#8221; text_align=&#8221;left&#8221; background_image_as_pattern=&#8221;without_pattern&#8221;][vc_column width=&#8221;1\/4&#8243;][vc_empty_space height=&#8221;120px&#8221;][vc_widget_sidebar sidebar_id=&#8221;menu_el_centro&#8221;][\/vc_column][vc_column width=&#8221;3\/4&#8243;][vc_empty_space height=&#8221;60px&#8221;][vc_column_text css=&#8221;&#8221;] Equip hum\u00e0 &nbsp; Llars el Temple est\u00e0 integrada a la Federaci\u00f3 d\u2019Entitats d\u2019Atenci\u00f3 a la Inf\u00e0ncia i Adolesc\u00e8ncia Balear (FEIAB) i treballa de forma coordinada amb les Entitats que la componen...\" \/>\n<meta property=\"og:url\" content=\"https:\/\/www.llarseltemple.org\/ca\/\" \/>\n<meta property=\"og:site_name\" content=\"Llars El Temple\" \/>\n<meta property=\"article:modified_time\" content=\"2025-06-09T13:41:02+00:00\" \/>\n<meta name=\"twitter:card\" content=\"summary_large_image\" \/>\n<meta name=\"twitter:label1\" content=\"Temps estimat de lectura\" \/>\n\t<meta name=\"twitter:data1\" content=\"2 minuts\" \/>\n<script type=\"application\/ld+json\" class=\"yoast-schema-graph\">{\"@context\":\"https:\\\/\\\/schema.org\",\"@graph\":[{\"@type\":\"WebPage\",\"@id\":\"https:\\\/\\\/www.llarseltemple.org\\\/ca\\\/\",\"url\":\"https:\\\/\\\/www.llarseltemple.org\\\/ca\\\/\",\"name\":\"L\u00b4Entidad - Llars El Temple\",\"isPartOf\":{\"@id\":\"https:\\\/\\\/www.llarseltemple.org\\\/#website\"},\"datePublished\":\"2016-12-14T17:31:29+00:00\",\"dateModified\":\"2025-06-09T13:41:02+00:00\",\"breadcrumb\":{\"@id\":\"https:\\\/\\\/www.llarseltemple.org\\\/ca\\\/#breadcrumb\"},\"inLanguage\":\"ca\",\"potentialAction\":[{\"@type\":\"ReadAction\",\"target\":[\"https:\\\/\\\/www.llarseltemple.org\\\/ca\\\/\"]}]},{\"@type\":\"BreadcrumbList\",\"@id\":\"https:\\\/\\\/www.llarseltemple.org\\\/ca\\\/#breadcrumb\",\"itemListElement\":[{\"@type\":\"ListItem\",\"position\":1,\"name\":\"Portada\",\"item\":\"https:\\\/\\\/www.llarseltemple.org\\\/ca\\\/\"},{\"@type\":\"ListItem\",\"position\":2,\"name\":\"L\u00b4Entidad\"}]},{\"@type\":\"WebSite\",\"@id\":\"https:\\\/\\\/www.llarseltemple.org\\\/#website\",\"url\":\"https:\\\/\\\/www.llarseltemple.org\\\/\",\"name\":\"Llars El Temple\",\"description\":\"Palma de Mallorca\",\"potentialAction\":[{\"@type\":\"SearchAction\",\"target\":{\"@type\":\"EntryPoint\",\"urlTemplate\":\"https:\\\/\\\/www.llarseltemple.org\\\/?s={search_term_string}\"},\"query-input\":{\"@type\":\"PropertyValueSpecification\",\"valueRequired\":true,\"valueName\":\"search_term_string\"}}],\"inLanguage\":\"ca\"}]}<\/script>\n<!-- \/ Yoast SEO plugin. -->","yoast_head_json":{"title":"L\u00b4Entidad - Llars El Temple","robots":{"index":"index","follow":"follow","max-snippet":"max-snippet:-1","max-image-preview":"max-image-preview:large","max-video-preview":"max-video-preview:-1"},"canonical":"https:\/\/www.llarseltemple.org\/ca\/","og_locale":"ca_ES","og_type":"article","og_title":"L\u00b4Entidad - Llars El Temple","og_description":"[vc_row css_animation=&#8221;&#8221; row_type=&#8221;row&#8221; use_row_as_full_screen_section=&#8221;no&#8221; type=&#8221;full_width&#8221; angled_section=&#8221;no&#8221; text_align=&#8221;left&#8221; background_image_as_pattern=&#8221;without_pattern&#8221;][vc_column width=&#8221;1\/4&#8243;][vc_empty_space height=&#8221;120px&#8221;][vc_widget_sidebar sidebar_id=&#8221;menu_el_centro&#8221;][\/vc_column][vc_column width=&#8221;3\/4&#8243;][vc_empty_space height=&#8221;60px&#8221;][vc_column_text css=&#8221;&#8221;] Equip hum\u00e0 &nbsp; Llars el Temple est\u00e0 integrada a la Federaci\u00f3 d\u2019Entitats d\u2019Atenci\u00f3 a la Inf\u00e0ncia i Adolesc\u00e8ncia Balear (FEIAB) i treballa de forma coordinada amb les Entitats que la componen...","og_url":"https:\/\/www.llarseltemple.org\/ca\/","og_site_name":"Llars El Temple","article_modified_time":"2025-06-09T13:41:02+00:00","twitter_card":"summary_large_image","twitter_misc":{"Temps estimat de lectura":"2 minuts"},"schema":{"@context":"https:\/\/schema.org","@graph":[{"@type":"WebPage","@id":"https:\/\/www.llarseltemple.org\/ca\/","url":"https:\/\/www.llarseltemple.org\/ca\/","name":"L\u00b4Entidad - Llars El Temple","isPartOf":{"@id":"https:\/\/www.llarseltemple.org\/#website"},"datePublished":"2016-12-14T17:31:29+00:00","dateModified":"2025-06-09T13:41:02+00:00","breadcrumb":{"@id":"https:\/\/www.llarseltemple.org\/ca\/#breadcrumb"},"inLanguage":"ca","potentialAction":[{"@type":"ReadAction","target":["https:\/\/www.llarseltemple.org\/ca\/"]}]},{"@type":"BreadcrumbList","@id":"https:\/\/www.llarseltemple.org\/ca\/#breadcrumb","itemListElement":[{"@type":"ListItem","position":1,"name":"Portada","item":"https:\/\/www.llarseltemple.org\/ca\/"},{"@type":"ListItem","position":2,"name":"L\u00b4Entidad"}]},{"@type":"WebSite","@id":"https:\/\/www.llarseltemple.org\/#website","url":"https:\/\/www.llarseltemple.org\/","name":"Llars El Temple","description":"Palma de Mallorca","potentialAction":[{"@type":"SearchAction","target":{"@type":"EntryPoint","urlTemplate":"https:\/\/www.llarseltemple.org\/?s={search_term_string}"},"query-input":{"@type":"PropertyValueSpecification","valueRequired":true,"valueName":"search_term_string"}}],"inLanguage":"ca"}]}},"_links":{"self":[{"href":"https:\/\/www.llarseltemple.org\/ca\/wp-json\/wp\/v2\/pages\/917","targetHints":{"allow":["GET"]}}],"collection":[{"href":"https:\/\/www.llarseltemple.org\/ca\/wp-json\/wp\/v2\/pages"}],"about":[{"href":"https:\/\/www.llarseltemple.org\/ca\/wp-json\/wp\/v2\/types\/page"}],"author":[{"embeddable":true,"href":"https:\/\/www.llarseltemple.org\/ca\/wp-json\/wp\/v2\/users\/1"}],"replies":[{"embeddable":true,"href":"https:\/\/www.llarseltemple.org\/ca\/wp-json\/wp\/v2\/comments?post=917"}],"version-history":[{"count":3,"href":"https:\/\/www.llarseltemple.org\/ca\/wp-json\/wp\/v2\/pages\/917\/revisions"}],"predecessor-version":[{"id":1608,"href":"https:\/\/www.llarseltemple.org\/ca\/wp-json\/wp\/v2\/pages\/917\/revisions\/1608"}],"wp:attachment":[{"href":"https:\/\/www.llarseltemple.org\/ca\/wp-json\/wp\/v2\/media?parent=917"}],"curies":[{"name":"wp","href":"https:\/\/api.w.org\/{rel}","templated":true}]}}