{"id":1371,"date":"2022-06-15T08:12:17","date_gmt":"2022-06-15T08:12:17","guid":{"rendered":"https:\/\/www.llarseltemple.org\/que-fem\/plan-de-accion\/"},"modified":"2022-08-24T10:07:40","modified_gmt":"2022-08-24T10:07:40","slug":"pla-d-accio","status":"publish","type":"page","link":"https:\/\/www.llarseltemple.org\/ca\/que-fem\/pla-d-accio\/","title":{"rendered":"Pla d&#8217;acci\u00f3"},"content":{"rendered":"<div class=\"wpb-content-wrapper\"><p>[vc_row css_animation=&#8221;&#8221; row_type=&#8221;row&#8221; use_row_as_full_screen_section=&#8221;no&#8221; type=&#8221;full_width&#8221; angled_section=&#8221;no&#8221; text_align=&#8221;left&#8221; background_image_as_pattern=&#8221;without_pattern&#8221;][vc_column width=&#8221;1\/4&#8243;][vc_empty_space height=&#8221;120px&#8221;][vc_widget_sidebar sidebar_id=&#8221;Que_hacemos&#8221; el_class=&#8221;menu_lateral&#8221;][\/vc_column][vc_column width=&#8221;3\/4&#8243;][vc_empty_space height=&#8221;60px&#8221;][vc_column_text]<\/p>\n<h2 class=\"p1\"><span class=\"s1\">PLA D&#8217;ACCI\u00d3N 2022: L\u00ednies estrat\u00e8giques<br \/>\n<\/span><\/h2>\n<h3><\/h3>\n<h3><\/h3>\n<p>[\/vc_column_text][vc_empty_space height=&#8221;20px&#8221;][vc_column_text]<\/p>\n<ul>\n<li class=\"p1\">Assumir l&#8217;estructura, l&#8217;organitzaci\u00f3 i els processos establerts.<\/li>\n<li class=\"p1\">Millorar el clima laboral lesionat.<\/li>\n<li class=\"p1\">Posar en valor la bona feina de la nostra entitat.<\/li>\n<li class=\"p1\">Complir els nous requisits administratius.<\/li>\n<li class=\"p1\">Posar en valor i potencial el capital hum\u00e0 de l&#8217;entitat.<\/li>\n<li class=\"p1\">Consolidar l&#8217;entitat \/ Donar pas a la fundaci\u00f3.<\/li>\n<li class=\"p1\">Millorar la cohesi\u00f3 i la comunicaci\u00f3.<\/li>\n<li class=\"p1\">Transmetre el car\u00e0cter propi de l&#8217;entitat.<\/li>\n<li class=\"p1\">Refermar aliances a favor de la intervenci\u00f3.<\/li>\n<li class=\"p1\">Potenciar la cultura de la innovaci\u00f3.<\/li>\n<\/ul>\n<p>[\/vc_column_text][vc_empty_space][vc_empty_space][vc_empty_space][\/vc_column][\/vc_row]<\/p>\n<\/div>","protected":false},"excerpt":{"rendered":"<p>[vc_row css_animation=&#8221;&#8221; row_type=&#8221;row&#8221; use_row_as_full_screen_section=&#8221;no&#8221; type=&#8221;full_width&#8221; angled_section=&#8221;no&#8221; text_align=&#8221;left&#8221; background_image_as_pattern=&#8221;without_pattern&#8221;][vc_column width=&#8221;1\/4&#8243;][vc_empty_space height=&#8221;120px&#8221;][vc_widget_sidebar sidebar_id=&#8221;Que_hacemos&#8221; el_class=&#8221;menu_lateral&#8221;][\/vc_column][vc_column width=&#8221;3\/4&#8243;][vc_empty_space height=&#8221;60px&#8221;][vc_column_text] PLA D&#8217;ACCI\u00d3N 2022: L\u00ednies estrat\u00e8giques [\/vc_column_text][vc_empty_space height=&#8221;20px&#8221;][vc_column_text] Assumir l&#8217;estructura, l&#8217;organitzaci\u00f3 i els processos establerts. Millorar el clima laboral lesionat. Posar en valor la bona feina de la nostra entitat. Complir els&#8230;<\/p>\n","protected":false},"author":1,"featured_media":0,"parent":938,"menu_order":0,"comment_status":"closed","ping_status":"closed","template":"","meta":{"footnotes":""},"class_list":["post-1371","page","type-page","status-publish","hentry"],"yoast_head":"<!-- This site is optimized with the Yoast SEO plugin v27.3 - https:\/\/yoast.com\/product\/yoast-seo-wordpress\/ -->\n<title>Memorias anuales Llars El Temple | Memoria Atenci\u00f3n al Menor<\/title>\n<meta name=\"description\" content=\"Consulte las memorias anuales de Llars El Temple: ponemos a disposici\u00f3n de todo el que lo desee los datos de nuestro trabajo de atenci\u00f3n al menor en Palma.\" \/>\n<meta name=\"robots\" content=\"index, follow, max-snippet:-1, max-image-preview:large, max-video-preview:-1\" \/>\n<link rel=\"canonical\" href=\"https:\/\/www.llarseltemple.org\/ca\/que-fem\/pla-d-accio\/\" \/>\n<meta property=\"og:locale\" content=\"ca_ES\" \/>\n<meta property=\"og:type\" content=\"article\" \/>\n<meta property=\"og:title\" content=\"Memorias anuales Llars El Temple | Memoria Atenci\u00f3n al Menor\" \/>\n<meta property=\"og:description\" content=\"Consulte las memorias anuales de Llars El Temple: ponemos a disposici\u00f3n de todo el que lo desee los datos de nuestro trabajo de atenci\u00f3n al menor en Palma.\" \/>\n<meta property=\"og:url\" content=\"https:\/\/www.llarseltemple.org\/ca\/que-fem\/pla-d-accio\/\" \/>\n<meta property=\"og:site_name\" content=\"Llars El Temple\" \/>\n<meta property=\"article:modified_time\" content=\"2022-08-24T10:07:40+00:00\" \/>\n<meta name=\"twitter:card\" content=\"summary_large_image\" \/>\n<meta name=\"twitter:label1\" content=\"Temps estimat de lectura\" \/>\n\t<meta name=\"twitter:data1\" content=\"1 minut\" \/>\n<script type=\"application\/ld+json\" class=\"yoast-schema-graph\">{\"@context\":\"https:\\\/\\\/schema.org\",\"@graph\":[{\"@type\":\"WebPage\",\"@id\":\"https:\\\/\\\/www.llarseltemple.org\\\/ca\\\/que-fem\\\/pla-d-accio\\\/\",\"url\":\"https:\\\/\\\/www.llarseltemple.org\\\/ca\\\/que-fem\\\/pla-d-accio\\\/\",\"name\":\"Memorias anuales Llars El Temple | Memoria Atenci\u00f3n al Menor\",\"isPartOf\":{\"@id\":\"https:\\\/\\\/www.llarseltemple.org\\\/#website\"},\"datePublished\":\"2022-06-15T08:12:17+00:00\",\"dateModified\":\"2022-08-24T10:07:40+00:00\",\"description\":\"Consulte las memorias anuales de Llars El Temple: ponemos a disposici\u00f3n de todo el que lo desee los datos de nuestro trabajo de atenci\u00f3n al menor en Palma.\",\"breadcrumb\":{\"@id\":\"https:\\\/\\\/www.llarseltemple.org\\\/ca\\\/que-fem\\\/pla-d-accio\\\/#breadcrumb\"},\"inLanguage\":\"ca\",\"potentialAction\":[{\"@type\":\"ReadAction\",\"target\":[\"https:\\\/\\\/www.llarseltemple.org\\\/ca\\\/que-fem\\\/pla-d-accio\\\/\"]}]},{\"@type\":\"BreadcrumbList\",\"@id\":\"https:\\\/\\\/www.llarseltemple.org\\\/ca\\\/que-fem\\\/pla-d-accio\\\/#breadcrumb\",\"itemListElement\":[{\"@type\":\"ListItem\",\"position\":1,\"name\":\"Portada\",\"item\":\"https:\\\/\\\/www.llarseltemple.org\\\/ca\\\/\"},{\"@type\":\"ListItem\",\"position\":2,\"name\":\"Qu\u00e8 fem\",\"item\":\"https:\\\/\\\/www.llarseltemple.org\\\/ca\\\/que-fem\\\/\"},{\"@type\":\"ListItem\",\"position\":3,\"name\":\"Pla d&#8217;acci\u00f3\"}]},{\"@type\":\"WebSite\",\"@id\":\"https:\\\/\\\/www.llarseltemple.org\\\/#website\",\"url\":\"https:\\\/\\\/www.llarseltemple.org\\\/\",\"name\":\"Llars El Temple\",\"description\":\"Palma de Mallorca\",\"potentialAction\":[{\"@type\":\"SearchAction\",\"target\":{\"@type\":\"EntryPoint\",\"urlTemplate\":\"https:\\\/\\\/www.llarseltemple.org\\\/?s={search_term_string}\"},\"query-input\":{\"@type\":\"PropertyValueSpecification\",\"valueRequired\":true,\"valueName\":\"search_term_string\"}}],\"inLanguage\":\"ca\"}]}<\/script>\n<!-- \/ Yoast SEO plugin. -->","yoast_head_json":{"title":"Memorias anuales Llars El Temple | Memoria Atenci\u00f3n al Menor","description":"Consulte las memorias anuales de Llars El Temple: ponemos a disposici\u00f3n de todo el que lo desee los datos de nuestro trabajo de atenci\u00f3n al menor en Palma.","robots":{"index":"index","follow":"follow","max-snippet":"max-snippet:-1","max-image-preview":"max-image-preview:large","max-video-preview":"max-video-preview:-1"},"canonical":"https:\/\/www.llarseltemple.org\/ca\/que-fem\/pla-d-accio\/","og_locale":"ca_ES","og_type":"article","og_title":"Memorias anuales Llars El Temple | Memoria Atenci\u00f3n al Menor","og_description":"Consulte las memorias anuales de Llars El Temple: ponemos a disposici\u00f3n de todo el que lo desee los datos de nuestro trabajo de atenci\u00f3n al menor en Palma.","og_url":"https:\/\/www.llarseltemple.org\/ca\/que-fem\/pla-d-accio\/","og_site_name":"Llars El Temple","article_modified_time":"2022-08-24T10:07:40+00:00","twitter_card":"summary_large_image","twitter_misc":{"Temps estimat de lectura":"1 minut"},"schema":{"@context":"https:\/\/schema.org","@graph":[{"@type":"WebPage","@id":"https:\/\/www.llarseltemple.org\/ca\/que-fem\/pla-d-accio\/","url":"https:\/\/www.llarseltemple.org\/ca\/que-fem\/pla-d-accio\/","name":"Memorias anuales Llars El Temple | Memoria Atenci\u00f3n al Menor","isPartOf":{"@id":"https:\/\/www.llarseltemple.org\/#website"},"datePublished":"2022-06-15T08:12:17+00:00","dateModified":"2022-08-24T10:07:40+00:00","description":"Consulte las memorias anuales de Llars El Temple: ponemos a disposici\u00f3n de todo el que lo desee los datos de nuestro trabajo de atenci\u00f3n al menor en Palma.","breadcrumb":{"@id":"https:\/\/www.llarseltemple.org\/ca\/que-fem\/pla-d-accio\/#breadcrumb"},"inLanguage":"ca","potentialAction":[{"@type":"ReadAction","target":["https:\/\/www.llarseltemple.org\/ca\/que-fem\/pla-d-accio\/"]}]},{"@type":"BreadcrumbList","@id":"https:\/\/www.llarseltemple.org\/ca\/que-fem\/pla-d-accio\/#breadcrumb","itemListElement":[{"@type":"ListItem","position":1,"name":"Portada","item":"https:\/\/www.llarseltemple.org\/ca\/"},{"@type":"ListItem","position":2,"name":"Qu\u00e8 fem","item":"https:\/\/www.llarseltemple.org\/ca\/que-fem\/"},{"@type":"ListItem","position":3,"name":"Pla d&#8217;acci\u00f3"}]},{"@type":"WebSite","@id":"https:\/\/www.llarseltemple.org\/#website","url":"https:\/\/www.llarseltemple.org\/","name":"Llars El Temple","description":"Palma de Mallorca","potentialAction":[{"@type":"SearchAction","target":{"@type":"EntryPoint","urlTemplate":"https:\/\/www.llarseltemple.org\/?s={search_term_string}"},"query-input":{"@type":"PropertyValueSpecification","valueRequired":true,"valueName":"search_term_string"}}],"inLanguage":"ca"}]}},"_links":{"self":[{"href":"https:\/\/www.llarseltemple.org\/ca\/wp-json\/wp\/v2\/pages\/1371","targetHints":{"allow":["GET"]}}],"collection":[{"href":"https:\/\/www.llarseltemple.org\/ca\/wp-json\/wp\/v2\/pages"}],"about":[{"href":"https:\/\/www.llarseltemple.org\/ca\/wp-json\/wp\/v2\/types\/page"}],"author":[{"embeddable":true,"href":"https:\/\/www.llarseltemple.org\/ca\/wp-json\/wp\/v2\/users\/1"}],"replies":[{"embeddable":true,"href":"https:\/\/www.llarseltemple.org\/ca\/wp-json\/wp\/v2\/comments?post=1371"}],"version-history":[{"count":5,"href":"https:\/\/www.llarseltemple.org\/ca\/wp-json\/wp\/v2\/pages\/1371\/revisions"}],"predecessor-version":[{"id":1378,"href":"https:\/\/www.llarseltemple.org\/ca\/wp-json\/wp\/v2\/pages\/1371\/revisions\/1378"}],"up":[{"embeddable":true,"href":"https:\/\/www.llarseltemple.org\/ca\/wp-json\/wp\/v2\/pages\/938"}],"wp:attachment":[{"href":"https:\/\/www.llarseltemple.org\/ca\/wp-json\/wp\/v2\/media?parent=1371"}],"curies":[{"name":"wp","href":"https:\/\/api.w.org\/{rel}","templated":true}]}}